{"id":370,"date":"2022-09-21T07:32:16","date_gmt":"2022-09-21T07:32:16","guid":{"rendered":"https:\/\/startersites.io\/blocksy\/wood\/?page_id=18"},"modified":"2026-03-23T14:25:09","modified_gmt":"2026-03-23T14:25:09","slug":"contact","status":"publish","type":"page","link":"https:\/\/winehouse.lv\/ru\/contact\/","title":{"rendered":"\u041a\u043e\u043d\u0442\u0430\u043a\u0442\u044b"},"content":{"rendered":"\n<div class=\"wp-block-stackable-spacer stk-block-spacer stk--no-padding stk-block stk-1e1239f\" data-block-id=\"1e1239f\"><style>.stk-1e1239f {height:40px !important;}@media screen and (max-width:999px){.stk-1e1239f {height:80px !important;}}@media screen and (max-width:689px){.stk-1e1239f {height:60px !important;}}<\/style><\/div>\n\n\n\n<div class=\"wp-block-stackable-columns stk-block-columns stk-block stk-5e78ad0\" data-block-id=\"5e78ad0\"><style>.stk-5e78ad0 {margin-bottom:0px !important;}@media screen and (max-width:999px){.stk-5e78ad0-column{row-gap:80px !important;}}<\/style><div class=\"stk-row stk-inner-blocks stk-block-content stk-content-align stk-5e78ad0-column\">\n<div class=\"wp-block-stackable-column stk-block-column stk-column stk-block stk-12eb061 stk-block-background stk--has-background-overlay\" data-v=\"4\" data-block-id=\"12eb061\"><style>.stk-12eb061-container{margin-top:0px !important;margin-right:0px !important;margin-bottom:0px !important;margin-left:0px !important;}.stk-12eb061 {align-self:center !important;background-color:var(--theme-palette-color-4, #2C1E18) !important;background-image:url(https:\/\/winehouse.lv\/wp-content\/uploads\/2026\/01\/WineHouse-entrance.webp) !important;border-top-left-radius:var(--stk--preset--border-radius--large, 16px) !important;border-top-right-radius:var(--stk--preset--border-radius--large, 16px) !important;border-bottom-right-radius:var(--stk--preset--border-radius--large, 16px) !important;border-bottom-left-radius:var(--stk--preset--border-radius--large, 16px) !important;overflow:hidden !important;border-style:solid !important;border-top-width:0px !important;border-right-width:0px !important;border-bottom-width:0px !important;border-left-width:0px !important;padding-top:100px !important;padding-right:90px !important;padding-bottom:100px !important;padding-left:90px !important;}.stk-12eb061:before{background-color:var(--theme-palette-color-4, #2C1E18) !important;opacity:0.7 !important;}@media screen and (min-width:690px) and (max-width:999px){.stk-12eb061 {flex:var(--stk-flex-grow, 1) 1 calc(100% - var(--stk-column-gap, 0px) * 0 \/ 1 ) !important;}}@media screen and (max-width:999px){.stk-12eb061 {padding-top:80px !important;padding-right:80px !important;padding-bottom:80px !important;padding-left:80px !important;}}@media screen and (max-width:689px){.stk-12eb061 {padding-top:60px !important;padding-right:30px !important;padding-bottom:60px !important;padding-left:30px !important;}}<\/style><div class=\"stk-column-wrapper stk-block-column__content stk-container stk-12eb061-container stk--no-background stk--no-padding\"><div class=\"stk-block-content stk-inner-blocks stk-12eb061-inner-blocks\">\n<div class=\"wp-block-stackable-columns stk-block-columns stk-block stk-6fa1ba6\" data-block-id=\"6fa1ba6\"><style>.stk-6fa1ba6 {margin-bottom:0px !important;}@media screen and (max-width:689px){.stk-6fa1ba6-column{row-gap:10px !important;}}<\/style><div class=\"stk-row stk-inner-blocks stk-block-content stk-content-align stk-6fa1ba6-column\">\n<div class=\"wp-block-stackable-column stk-block-column stk-column stk-block stk-73046e3\" data-v=\"4\" data-block-id=\"73046e3\"><style>.stk-73046e3-container{margin-top:0px !important;margin-right:0px !important;margin-bottom:0px !important;margin-left:0px !important;}<\/style><div class=\"stk-column-wrapper stk-block-column__content stk-container stk-73046e3-container stk--no-background stk--no-padding\"><div class=\"stk-block-content stk-inner-blocks stk-73046e3-inner-blocks\">\n<div class=\"wp-block-stackable-heading stk-block-heading stk-block-heading--v2 stk-block stk-f7dde73\" id=\"span-style-color-ffffff-class-stk-highlight-musu-atrasanas-vieta-span\" data-block-id=\"f7dde73\"><style>.stk-f7dde73 {margin-bottom:15px !important;}.stk-f7dde73 .stk-block-heading__text{font-size:32px !important;color:var(--theme-palette-color-5, #F2EFE7) !important;}@media screen and (max-width:999px){.stk-f7dde73 .stk-block-heading__text{font-size:32px !important;}}<\/style><h2 class=\"stk-block-heading__text has-text-color has-text-align-center\"><span style=\"color: #ffffff;\" class=\"stk-highlight\">M\u016bsu atra\u0161an\u0101s vieta<\/span><\/h2><\/div>\n<\/div><\/div><\/div>\n<\/div><\/div>\n\n\n\n<div class=\"wp-block-stackable-map stk-block-map stk-block stk-6db5008\" data-block-id=\"6db5008\"><style>.stk-6db5008 .stk-block-map__canvas, .stk-6db5008 iframe{height:400px !important;}.stk-6db5008 {border-top-left-radius:var(--stk--preset--border-radius--large, 16px) !important;border-top-right-radius:var(--stk--preset--border-radius--large, 16px) !important;border-bottom-right-radius:var(--stk--preset--border-radius--large, 16px) !important;border-bottom-left-radius:var(--stk--preset--border-radius--large, 16px) !important;overflow:hidden !important;margin-bottom:0px !important;}<\/style><iframe\n\t\t\t\t\t\ttitle=\"\u0412\u0441\u0442\u0440\u043e\u0435\u043d\u043d\u043e\u0435 \u0441\u043e\u0434\u0435\u0440\u0436\u0438\u043c\u043e\u0435 \u0438\u0437 \u043f\u043b\u0430\u0442\u0444\u043e\u0440\u043c\u044b Google-\u043a\u0430\u0440\u0442\u044b.\"\n\t\t\t\t\t\tsrc=\"https:\/\/maps.google.com\/maps?q=Miera iela 2, Riga, LV-1001&#038;t=&#038;z=17&#038;ie=UTF8&#038;output=embed\"\n\t\t\t\t\t\tstyle=\"border:0;width:100%;max-width:none;max-height:none;height:100%;\"\n\t\t\t\t\t\taria-hidden=\"false\"\n\t\t\t\t\t\ttabIndex=\"0\"\n\t\t\t\t\t\tallowfullscreen\n\t\t\t\t\t\tloading=\"lazy\"\n\t\t\t\t\t\tframeBorder=\"0\"\n\t\t\t\t\t><\/iframe><\/div>\n\n\n\n<div class=\"wp-block-stackable-heading stk-block-heading stk-block-heading--v2 stk-block stk-98184b2\" id=\"span-style-color-ffffff-class-stk-highlight-sazinies-ar-mums-span\" data-block-id=\"98184b2\"><style>.stk-98184b2 {margin-bottom:0px !important;}.stk-98184b2 .stk-block-heading__text{font-size:26px !important;}@media screen and (max-width:999px){.stk-98184b2 .stk-block-heading__text{font-size:26px !important;}}<\/style><h3 class=\"stk-block-heading__text has-text-align-center\"><span style=\"color: #ffffff;\" class=\"stk-highlight\">Sazinies ar mums<\/span><\/h3><\/div>\n\n\n\n<div class=\"wp-block-stackable-icon-label stk-block-icon-label stk-block stk-f532dd2\" data-block-id=\"f532dd2\"><div class=\"stk-row stk-inner-blocks stk-block-content\">\n<div class=\"wp-block-stackable-icon stk-block-icon has-text-align-left stk-block stk-1197702\" data-block-id=\"1197702\"><style>.stk-1197702 .stk--svg-wrapper .stk--inner-svg svg:last-child, .stk-1197702 .stk--svg-wrapper .stk--inner-svg svg:last-child :is(g, path, rect, polygon, ellipse){fill:var(--theme-palette-color-1, #CA1717) !important;}.stk-1197702 .stk--svg-wrapper .stk--inner-svg{background-color:#ffffff !important;border-radius:100% !important;padding:10px !important;}<\/style><span class=\"stk--svg-wrapper\"><div class=\"stk--inner-svg\"><svg style=\"height:0;width:0\"><defs><linearGradient id=\"linear-gradient-1197702\" x1=\"0\" x2=\"100%\" y1=\"0\" y2=\"0\"><stop offset=\"0%\" style=\"stop-opacity:1;stop-color:var(--linear-gradient-1197702-color-1)\"><\/stop><stop offset=\"100%\" style=\"stop-opacity:1;stop-color:var(--linear-gradient-1197702-color-2)\"><\/stop><\/linearGradient><\/defs><\/svg><svg xmlns=\"http:\/\/www.w3.org\/2000\/svg\" viewBox=\"0 0 512 512\" aria-hidden=\"true\" width=\"32\" height=\"32\"><path d=\"M48 64C21.5 64 0 85.5 0 112c0 15.1 7.1 29.3 19.2 38.4L236.8 313.6c11.4 8.5 27 8.5 38.4 0L492.8 150.4c12.1-9.1 19.2-23.3 19.2-38.4c0-26.5-21.5-48-48-48H48zM0 176V384c0 35.3 28.7 64 64 64H448c35.3 0 64-28.7 64-64V176L294.4 339.2c-22.8 17.1-54 17.1-76.8 0L0 176z\"\/><\/svg><\/div><\/span><\/div>\n\n\n\n<div class=\"wp-block-stackable-heading stk-block-heading stk-block-heading--v2 stk-block stk-5fff2f1\" id=\"a-href-mailto-info-winehouse-com-span-style-color-ffffff-class-stk-highlight-info-winehouse-com-span-a\" data-block-id=\"5fff2f1\"><style>.stk-5fff2f1 .stk-block-heading__text{font-size:20px !important;font-family:\"Montserrat\", Sans-serif !important;}@media screen and (max-width:999px){.stk-5fff2f1 .stk-block-heading__text{font-size:20px !important;}}<\/style><h6 class=\"stk-block-heading__text\"><a href=\"mailto:info@winehouse.com\"><span style=\"color: #ffffff;\" class=\"stk-highlight\">info@winehouse.com<\/span><\/a><\/h6><\/div>\n<\/div><\/div>\n\n\n\n<div class=\"wp-block-stackable-icon-label stk-block-icon-label stk-block stk-5fccecc\" data-block-id=\"5fccecc\"><div class=\"stk-row stk-inner-blocks stk-block-content\">\n<div class=\"wp-block-stackable-icon stk-block-icon has-text-align-left stk-block stk-5a1239a\" data-block-id=\"5a1239a\"><style>.stk-5a1239a .stk--svg-wrapper .stk--inner-svg svg:last-child, .stk-5a1239a .stk--svg-wrapper .stk--inner-svg svg:last-child :is(g, path, rect, polygon, ellipse){fill:var(--theme-palette-color-1, #CA1717) !important;}.stk-5a1239a .stk--svg-wrapper .stk--inner-svg{background-color:#ffffff !important;border-radius:100% !important;padding:10px !important;}<\/style><span class=\"stk--svg-wrapper\"><div class=\"stk--inner-svg\"><svg style=\"height:0;width:0\"><defs><linearGradient id=\"linear-gradient-5a1239a\" x1=\"0\" x2=\"100%\" y1=\"0\" y2=\"0\"><stop offset=\"0%\" style=\"stop-opacity:1;stop-color:var(--linear-gradient-5-a-1239-a-color-1)\"><\/stop><stop offset=\"100%\" style=\"stop-opacity:1;stop-color:var(--linear-gradient-5-a-1239-a-color-2)\"><\/stop><\/linearGradient><\/defs><\/svg><svg xmlns=\"http:\/\/www.w3.org\/2000\/svg\" viewBox=\"0 0 512 512\" aria-hidden=\"true\" width=\"32\" height=\"32\"><path d=\"M164.9 24.6c-7.7-18.6-28-28.5-47.4-23.2l-88 24C12.1 30.2 0 46 0 64C0 311.4 200.6 512 448 512c18 0 33.8-12.1 38.6-29.5l24-88c5.3-19.4-4.6-39.7-23.2-47.4l-96-40c-16.3-6.8-35.2-2.1-46.3 11.6L304.7 368C234.3 334.7 177.3 277.7 144 207.3L193.3 167c13.7-11.2 18.4-30 11.6-46.3l-40-96z\"\/><\/svg><\/div><\/span><\/div>\n\n\n\n<div class=\"wp-block-stackable-heading stk-block-heading stk-block-heading--v2 stk-block stk-7d30ca7\" id=\"a-href-tel-37128234807-span-style-color-ffffff-class-stk-highlight-371-282-34-807-span-a\" data-block-id=\"7d30ca7\"><style>.stk-7d30ca7 .stk-block-heading__text{font-size:20px !important;font-family:\"Montserrat\", Sans-serif !important;}@media screen and (max-width:999px){.stk-7d30ca7 .stk-block-heading__text{font-size:20px !important;}}<\/style><h6 class=\"stk-block-heading__text\"><a href=\"tel:+37128234807\"><span style=\"color: #ffffff;\" class=\"stk-highlight\">+371 282 34 807<\/span><\/a><\/h6><\/div>\n<\/div><\/div>\n<\/div><\/div><\/div>\n\n\n\n<div class=\"wp-block-stackable-column stk-block-column stk-column stk-block stk-e3119be stk-block-background\" data-v=\"4\" data-block-id=\"e3119be\"><style>.stk-e3119be-container{margin-top:0px !important;margin-right:0px !important;margin-bottom:0px !important;margin-left:0px !important;}.stk-e3119be {background-color:var(--theme-palette-color-7, #F7F2EA) !important;padding-top:100px !important;padding-right:90px !important;padding-bottom:100px !important;padding-left:90px !important;}.stk-e3119be:before{background-color:var(--theme-palette-color-7, #F7F2EA) !important;}@media screen and (min-width:690px) and (max-width:999px){.stk-e3119be {flex:var(--stk-flex-grow, 1) 1 calc(100% - var(--stk-column-gap, 0px) * 0 \/ 1 ) !important;}}@media screen and (max-width:999px){.stk-e3119be {padding-top:80px !important;padding-right:80px !important;padding-bottom:80px !important;padding-left:80px !important;}}@media screen and (max-width:689px){.stk-e3119be {padding-top:60px !important;padding-right:30px !important;padding-bottom:60px !important;padding-left:30px !important;}}<\/style><div class=\"stk-column-wrapper stk-block-column__content stk-container stk-e3119be-container stk--no-background stk--no-padding\"><div class=\"stk-block-content stk-inner-blocks stk-e3119be-inner-blocks\">\n<div class=\"wp-block-stackable-heading stk-block-heading stk-block-heading--v2 stk-block stk-bc3b92c\" id=\"span-style-color-var-theme-palette-color-4-2-b-1-b-16-class-stk-highlight-jautajiet-mums-span\" data-block-id=\"bc3b92c\"><style>.stk-bc3b92c {margin-bottom:0px !important;}.stk-bc3b92c .stk-block-heading__text{font-size:56px !important;color:var(--theme-palette-color-5, #F2EFE7) !important;}@media screen and (max-width:999px){.stk-bc3b92c .stk-block-heading__text{font-size:50px !important;}}<\/style><h1 class=\"stk-block-heading__text has-text-color has-text-align-center stk-block-heading--use-theme-margins\"><span style=\"color: var(--theme-palette-color-4, #2B1B16);\" class=\"stk-highlight\">Jaut\u0101jiet mums<\/span><\/h1><\/div>\n\n\n<div class=\"wpforms-container wpforms-block wpforms-block-1ff3840f-1da6-479b-b8b0-bbc77679f8d8 wpforms-render-modern\" id=\"wpforms-444\"><form id=\"wpforms-form-444\" class=\"wpforms-validate wpforms-form wpforms-ajax-form\" data-formid=\"444\" method=\"post\" enctype=\"multipart\/form-data\" action=\"\/ru\/wp-json\/wp\/v2\/pages\/370\" data-token=\"82a04a3d878dcdafb4832a3c04f5b319\" data-token-time=\"1778841021\"><noscript class=\"wpforms-error-noscript\">\u0414\u043b\u044f \u0437\u0430\u043f\u043e\u043b\u043d\u0435\u043d\u0438\u044f \u0434\u0430\u043d\u043d\u043e\u0439 \u0444\u043e\u0440\u043c\u044b \u0432\u043a\u043b\u044e\u0447\u0438\u0442\u0435 JavaScript \u0432 \u0431\u0440\u0430\u0443\u0437\u0435\u0440\u0435.<\/noscript><div id=\"wpforms-error-noscript\" style=\"display: none;\">\u0414\u043b\u044f \u0437\u0430\u043f\u043e\u043b\u043d\u0435\u043d\u0438\u044f \u0434\u0430\u043d\u043d\u043e\u0439 \u0444\u043e\u0440\u043c\u044b \u0432\u043a\u043b\u044e\u0447\u0438\u0442\u0435 JavaScript \u0432 \u0431\u0440\u0430\u0443\u0437\u0435\u0440\u0435.<\/div><div class=\"wpforms-field-container\"><div id=\"wpforms-444-field_1-container\" class=\"wpforms-field wpforms-field-name wh-name\" data-field-id=\"1\"><label class=\"wpforms-field-label\" for=\"wpforms-444-field_1\">V\u0101rds <span class=\"wpforms-required-label\" aria-hidden=\"true\">*<\/span><\/label><input type=\"text\" id=\"wpforms-444-field_1\" class=\"wpforms-field-medium wpforms-field-required\" name=\"wpforms[fields][1]\" placeholder=\"J\u0101nis B\u0113rzi\u0146\u0161\" aria-errormessage=\"wpforms-444-field_1-error\" required><\/div><div id=\"wpforms-444-field_4-container\" class=\"wpforms-field wpforms-field-text wh-phone\" data-field-id=\"4\"><label class=\"wpforms-field-label\" for=\"wpforms-444-field_4\">T\u0101lrunis <span class=\"wpforms-required-label\" aria-hidden=\"true\">*<\/span><\/label><input type=\"text\" id=\"wpforms-444-field_4\" class=\"wpforms-field-medium wpforms-field-required\" name=\"wpforms[fields][4]\" placeholder=\"+37112345678\" aria-errormessage=\"wpforms-444-field_4-error\" required><\/div><div id=\"wpforms-444-field_2-container\" class=\"wpforms-field wpforms-field-email\" data-field-id=\"2\"><label class=\"wpforms-field-label\" for=\"wpforms-444-field_2\">E-pasts <span class=\"wpforms-required-label\" aria-hidden=\"true\">*<\/span><\/label><input type=\"email\" id=\"wpforms-444-field_2\" class=\"wpforms-field-medium wpforms-field-required\" name=\"wpforms[fields][2]\" placeholder=\"youremail@example.com\" spellcheck=\"false\" aria-errormessage=\"wpforms-444-field_2-error\" required><\/div>\t\t<div id=\"wpforms-444-field_7-container\"\n\t\t\tclass=\"wpforms-field wpforms-field-text\"\n\t\t\tdata-field-type=\"text\"\n\t\t\tdata-field-id=\"7\"\n\t\t\t>\n\t\t\t<label class=\"wpforms-field-label\" for=\"wpforms-444-field_7\" >T\u0101lrunis politikai zi\u0146a<\/label>\n\t\t\t<input type=\"text\" id=\"wpforms-444-field_7\" class=\"wpforms-field-medium\" name=\"wpforms[fields][7]\" >\n\t\t<\/div>\n\t\t<div id=\"wpforms-444-field_3-container\" class=\"wpforms-field wpforms-field-textarea\" data-field-id=\"3\"><label class=\"wpforms-field-label\" for=\"wpforms-444-field_3\">Tava zi\u0146a <span class=\"wpforms-required-label\" aria-hidden=\"true\">*<\/span><\/label><textarea id=\"wpforms-444-field_3\" class=\"wpforms-field-medium wpforms-field-required\" name=\"wpforms[fields][3]\" aria-errormessage=\"wpforms-444-field_3-error\" required><\/textarea><\/div><div id=\"wpforms-444-field_5-container\" class=\"wpforms-field wpforms-field-checkbox\" data-field-id=\"5\"><fieldset><legend class=\"wpforms-field-label\">Parakst\u012bties uz jaunumiem<\/legend><ul id=\"wpforms-444-field_5\"><li class=\"choice-1 depth-1\"><input type=\"checkbox\" id=\"wpforms-444-field_5_1\" name=\"wpforms[fields][5][]\" value=\"Nos\u016bt\u012bt man jaunumus un pied\u0101v\u0101jumus no WINE HOUSE\" aria-errormessage=\"wpforms-444-field_5_1-error\"  ><label class=\"wpforms-field-label-inline\" for=\"wpforms-444-field_5_1\">Nos\u016bt\u012bt man jaunumus un pied\u0101v\u0101jumus no WINE HOUSE<\/label><\/li><\/ul><\/fieldset><\/div><div id=\"wpforms-444-field_6-container\" class=\"wpforms-field wpforms-field-checkbox\" data-field-id=\"6\"><fieldset><legend class=\"wpforms-field-label\">Piekri\u0161ana konfidencialit\u0101tes politikai <span class=\"wpforms-required-label\" aria-hidden=\"true\">*<\/span><\/legend><ul id=\"wpforms-444-field_6\" class=\"wpforms-field-required\"><li class=\"choice-1 depth-1\"><input type=\"checkbox\" id=\"wpforms-444-field_6_1\" name=\"wpforms[fields][6][]\" value=\"Es piekr\u012btu konfidencialit\u0101tes politikai\" aria-errormessage=\"wpforms-444-field_6_1-error\" required ><label class=\"wpforms-field-label-inline\" for=\"wpforms-444-field_6_1\">Es piekr\u012btu konfidencialit\u0101tes politikai<\/label><\/li><\/ul><\/fieldset><\/div><script>\n\t\t\t\t( function() {\n\t\t\t\t\tconst style = document.createElement( 'style' );\n\t\t\t\t\tstyle.appendChild( document.createTextNode( '#wpforms-444-field_7-container { position: absolute !important; overflow: hidden !important; display: inline !important; height: 1px !important; width: 1px !important; z-index: -1000 !important; padding: 0 !important; } #wpforms-444-field_7-container input { visibility: hidden; } #wpforms-conversational-form-page #wpforms-444-field_7-container label { counter-increment: none; }' ) );\n\t\t\t\t\tdocument.head.appendChild( style );\n\t\t\t\t\tdocument.currentScript?.remove();\n\t\t\t\t} )();\n\t\t\t<\/script><\/div><!-- .wpforms-field-container --><div class=\"wpforms-submit-container\" ><input type=\"hidden\" name=\"wpforms[id]\" value=\"444\"><input type=\"hidden\" name=\"page_title\" value=\"\"><input type=\"hidden\" name=\"page_url\" value=\"https:\/\/winehouse.lv\/ru\/wp-json\/wp\/v2\/pages\/370\"><input type=\"hidden\" name=\"url_referer\" value=\"\"><button type=\"submit\" name=\"wpforms[submit]\" id=\"wpforms-submit-444\" class=\"wpforms-submit\" data-alt-text=\"S\u016bt\u012b\u0161ana...\" data-submit-text=\"Nos\u016bt\u012bt\" aria-live=\"assertive\" value=\"wpforms-submit\">Nos\u016bt\u012bt<\/button><img loading=\"lazy\" decoding=\"async\" src=\"https:\/\/winehouse.lv\/wp-content\/plugins\/wpforms-lite\/assets\/images\/submit-spin.svg\" class=\"wpforms-submit-spinner\" style=\"display: none;\" width=\"26\" height=\"26\" alt=\"\u0417\u0430\u0433\u0440\u0443\u0437\u043a\u0430\"><\/div><\/form><\/div>  <!-- .wpforms-container --><\/div><\/div><\/div>\n<\/div><\/div>\n\n\n\n<div class=\"wp-block-stackable-spacer stk-block-spacer stk--no-padding stk-block stk-76a99bd\" data-block-id=\"76a99bd\"><style>.stk-76a99bd {height:40px !important;}@media screen and (max-width:999px){.stk-76a99bd {height:80px !important;}}@media screen and (max-width:689px){.stk-76a99bd {height:60px !important;}}<\/style><\/div>\n","protected":false},"excerpt":{"rendered":"<p>M\u016bsu atra\u0161an\u0101s vieta Sazinies ar mums info@winehouse.com +371 282 34 807 Jaut\u0101jiet mums<\/p>","protected":false},"author":1,"featured_media":0,"parent":0,"menu_order":0,"comment_status":"closed","ping_status":"closed","template":"","meta":{"footnotes":""},"class_list":["post-370","page","type-page","status-publish","hentry"],"blocksy_meta":{"styles_descriptor":{"styles":{"desktop":"","tablet":"","mobile":""},"google_fonts":[],"version":6},"page_title_panel":"","has_hero_section":"disabled","3913fadc390ee6527e51861e182776ad":"","hero_section":"type-1","hero_elements":[{"id":"custom_title","enabled":true,"heading_tag":"h1","title":"Home"},{"id":"custom_description","enabled":true,"description_visibility":{"desktop":true,"tablet":true,"mobile":false}},{"id":"custom_meta","enabled":false,"meta_elements":[{"id":"author","enabled":true,"label":"By","has_author_avatar":"yes","avatar_size":25},{"id":"post_date","enabled":true,"label":"On","date_format_source":"default","date_format":"M j, Y"},{"id":"updated_date","enabled":false,"label":"On","date_format_source":"default","date_format":"M j, Y"},{"id":"categories","enabled":false,"label":"In","style":"simple"},{"id":"comments","enabled":true}],"page_meta_elements":{"joined":true,"articles_count":true,"comments":true}},{"id":"breadcrumbs","enabled":false}],"bac5ab5c3c8d64ee0f2308a6036602e3":"","hero_alignment1":"CT_CSS_SKIP_RULE","hero_margin":40,"hero_alignment2":"center","hero_vertical_alignment":"center","def6753f204b9bd97429ef6a56c910da":"","hero_structure":"narrow","1efdb5e36ff451dcd4a642727b0d8951":"","page_title_bg_type":"featured_image","custom_hero_background":{"attachment_id":null},"page_title_image_size":"full","parallax":{"desktop":false,"tablet":false,"mobile":false},"1eb0fc544eef435802b8f9e8ae11b5a5":"","hero_height":"250px","pageTitleFont":{"family":"Default","variation":"Default","size":"30px","line-height":"CT_CSS_SKIP_RULE","letter-spacing":"CT_CSS_SKIP_RULE","text-transform":"CT_CSS_SKIP_RULE","text-decoration":"CT_CSS_SKIP_RULE"},"pageTitleFontColor":{"default":{"color":"CT_CSS_SKIP_RULEDEFAULT"}},"pageMetaFont":{"family":"Default","variation":"n6","size":"12px","line-height":"1.3","letter-spacing":"CT_CSS_SKIP_RULE","text-transform":"uppercase","text-decoration":"CT_CSS_SKIP_RULE"},"pageMetaFontColor":{"default":{"color":"CT_CSS_SKIP_RULEDEFAULT"},"hover":{"color":"CT_CSS_SKIP_RULEDEFAULT"}},"page_meta_button_type_font_colors":{"default":{"color":"CT_CSS_SKIP_RULEDEFAULT"},"hover":{"color":"CT_CSS_SKIP_RULEDEFAULT"}},"page_meta_button_type_background_colors":{"default":{"color":"CT_CSS_SKIP_RULEDEFAULT"},"hover":{"color":"CT_CSS_SKIP_RULEDEFAULT"}},"pageExcerptFont":{"family":"Default","variation":"Default","size":"CT_CSS_SKIP_RULE","line-height":"CT_CSS_SKIP_RULE","letter-spacing":"CT_CSS_SKIP_RULE","text-transform":"CT_CSS_SKIP_RULE","text-decoration":"CT_CSS_SKIP_RULE"},"pageExcerptColor":{"default":{"color":"CT_CSS_SKIP_RULEDEFAULT"}},"breadcrumbsFont":{"family":"Default","variation":"Default","size":"CT_CSS_SKIP_RULE","line-height":"CT_CSS_SKIP_RULE","letter-spacing":"CT_CSS_SKIP_RULE","text-transform":"CT_CSS_SKIP_RULE","text-decoration":"CT_CSS_SKIP_RULE"},"breadcrumbsFontColor":{"default":{"color":"CT_CSS_SKIP_RULEDEFAULT"},"initial":{"color":"CT_CSS_SKIP_RULEDEFAULT"},"hover":{"color":"CT_CSS_SKIP_RULEDEFAULT"}},"pageTitleOverlay":{"background_type":"color","background_pattern":"type-1","background_image":{"attachment_id":null,"x":0,"y":0},"gradient":"linear-gradient(135deg,rgba(6,147,227,1) 0%,rgb(155,81,224) 100%)","background_repeat":"repeat","background_size":"auto","background_attachment":"scroll","patternColor":{"default":{"color":"#e5e7ea"}},"overlayColor":{"default":{"color":"CT_CSS_SKIP_RULE"}},"backgroundColor":{"default":{"color":"CT_CSS_SKIP_RULE"}}},"pageTitleBackground":{"background_type":"color","background_pattern":"type-1","background_image":{"attachment_id":null,"x":0,"y":0},"gradient":"linear-gradient(135deg,rgba(6,147,227,1) 0%,rgb(155,81,224) 100%)","background_repeat":"repeat","background_size":"auto","background_attachment":"scroll","patternColor":{"default":{"color":"#e5e7ea"}},"overlayColor":{"default":{"color":"CT_CSS_SKIP_RULE"}},"backgroundColor":{"default":{"color":"var(--theme-palette-color-6)"}}},"pageTitlePadding":{"top":"50px","bottom":"50px","left":"auto","right":"auto","linked":true},"ea3dd7bb5be8ff91a99a30bf94b8d637":"","page_structure_type":"default","f977c782dce10134c5067b0832d01f72":"","content_style_source":"inherit","content_style":"wide","vertical_spacing_source":"custom","content_area_spacing":"none","background":{"background_type":"color","background_pattern":"type-1","background_image":{"attachment_id":null,"x":0,"y":0},"gradient":"linear-gradient(135deg,rgba(6,147,227,1) 0%,rgb(155,81,224) 100%)","background_repeat":"repeat","background_size":"auto","background_attachment":"scroll","patternColor":{"default":{"color":"#e5e7ea"}},"overlayColor":{"default":{"color":"CT_CSS_SKIP_RULE"}},"backgroundColor":{"default":{"color":"CT_CSS_SKIP_RULE"}}},"content_background":{"background_type":"color","background_pattern":"type-1","background_image":{"attachment_id":null,"x":0,"y":0},"gradient":"linear-gradient(135deg,rgba(6,147,227,1) 0%,rgb(155,81,224) 100%)","background_repeat":"repeat","background_size":"auto","background_attachment":"scroll","patternColor":{"default":{"color":"#e5e7ea"}},"overlayColor":{"default":{"color":"CT_CSS_SKIP_RULE"}},"backgroundColor":{"default":{"color":"var(--theme-palette-color-8)"}}},"content_boxed_shadow":{"inherit":false,"blur":18,"spread":-6,"v_offset":12,"h_offset":0,"inset":false,"enable":true,"color":{"color":"rgba(34, 56, 101, 0.04)"}},"content_boxed_border":{"width":1,"style":"none","color":{"color":"rgba(44,62,80,0.2)"}},"content_boxed_radius":{"top":"3px","bottom":"3px","left":"3px","right":"3px","linked":true},"boxed_content_spacing":{"desktop":{"top":"40px","bottom":"40px","left":"40px","right":"40px","linked":true},"tablet":{"top":"35px","bottom":"35px","left":"35px","right":"35px","linked":true},"mobile":{"top":"20px","bottom":"20px","left":"20px","right":"20px","linked":true}},"9180b38ce7b21e3403085c3bdcb33ae5":"","disable_featured_image":"no","disable_share_box":"no","disable_header":"no","disable_footer":"no"},"_hostinger_reach_plugin_has_subscription_block":false,"_hostinger_reach_plugin_is_elementor":false,"_links":{"self":[{"href":"https:\/\/winehouse.lv\/ru\/wp-json\/wp\/v2\/pages\/370","targetHints":{"allow":["GET"]}}],"collection":[{"href":"https:\/\/winehouse.lv\/ru\/wp-json\/wp\/v2\/pages"}],"about":[{"href":"https:\/\/winehouse.lv\/ru\/wp-json\/wp\/v2\/types\/page"}],"author":[{"embeddable":true,"href":"https:\/\/winehouse.lv\/ru\/wp-json\/wp\/v2\/users\/1"}],"replies":[{"embeddable":true,"href":"https:\/\/winehouse.lv\/ru\/wp-json\/wp\/v2\/comments?post=370"}],"version-history":[{"count":17,"href":"https:\/\/winehouse.lv\/ru\/wp-json\/wp\/v2\/pages\/370\/revisions"}],"predecessor-version":[{"id":1327,"href":"https:\/\/winehouse.lv\/ru\/wp-json\/wp\/v2\/pages\/370\/revisions\/1327"}],"wp:attachment":[{"href":"https:\/\/winehouse.lv\/ru\/wp-json\/wp\/v2\/media?parent=370"}],"curies":[{"name":"wp","href":"https:\/\/api.w.org\/{rel}","templated":true}]}}