{"id":367,"date":"2022-09-21T07:31:46","date_gmt":"2022-09-21T07:31:46","guid":{"rendered":"https:\/\/startersites.io\/blocksy\/wood\/?page_id=12"},"modified":"2026-03-25T16:14:42","modified_gmt":"2026-03-25T16:14:42","slug":"about","status":"publish","type":"page","link":"https:\/\/winehouse.lv\/ru\/about\/","title":{"rendered":"\u041e \u043d\u0430\u0441"},"content":{"rendered":"<div class=\"wp-block-group alignfull is-layout-constrained wp-block-group-is-layout-constrained\">\n<div class=\"wp-block-stackable-columns alignfull stk-block-columns stk-block stk-d022e68\" data-block-id=\"d022e68\"><style>.stk-d022e68 {margin-bottom:0px !important;}<\/style><div class=\"stk-row stk-inner-blocks stk-block-content stk-content-align stk-d022e68-column alignfull\">\n<div class=\"wp-block-stackable-column stk-block-column stk-column stk--hide-tablet stk--hide-mobile stk-block stk-c9c73a1 stk-block-background stk--has-background-overlay\" data-v=\"4\" data-block-id=\"c9c73a1\"><style>.stk-c9c73a1-container{margin-top:0px !important;margin-right:0px !important;margin-bottom:0px !important;margin-left:0px !important;}.stk-c9c73a1 {background-color:#000000 !important;background-image:url(https:\/\/winehouse.lv\/wp-content\/uploads\/2026\/03\/e2368da3-2d9f-44e3-a70a-2d0c1035948f.png) !important;}.stk-c9c73a1:before{background-color:#000000 !important;opacity:0.4 !important;}@media screen and (min-width:690px){.stk-c9c73a1 {flex:var(--stk-flex-grow, 1) 1 calc(33.33666666666667% - var(--stk-column-gap, 0px) * 2 \/ 3 ) !important;}}@media screen and (min-width:690px) and (max-width:999px){.stk-c9c73a1 {flex:var(--stk-flex-grow, 1) 1 calc(25% - var(--stk-column-gap, 0px) * 2 \/ 3 ) !important;}}<\/style><div class=\"stk-column-wrapper stk-block-column__content stk-container stk-c9c73a1-container stk--no-background stk--no-padding\"><div class=\"stk-block-content stk-inner-blocks stk-c9c73a1-inner-blocks\">\n<div class=\"wp-block-stackable-spacer stk-block-spacer stk--no-padding stk-block stk-b41b9d8\" data-block-id=\"b41b9d8\"><style>.stk-b41b9d8 {height:100px !important;}@media screen and (max-width:689px){.stk-b41b9d8 {height:250px !important;}}<\/style><\/div>\n<\/div><\/div><\/div>\n\n\n\n<div class=\"wp-block-stackable-column stk-block-column stk-column stk-block stk-0f04e0a stk-block-background stk--has-background-overlay\" data-v=\"4\" data-block-id=\"0f04e0a\"><style>.stk-0f04e0a-container{margin-top:0px !important;margin-right:0px !important;margin-bottom:0px !important;margin-left:0px !important;}.stk-0f04e0a {background-image:url(https:\/\/winehouse.lv\/wp-content\/uploads\/2026\/03\/86d77564-a419-4b87-b8d3-9bad7913a3e8.png) !important;padding-top:100px !important;padding-right:60px !important;padding-bottom:100px !important;padding-left:60px !important;}.stk-0f04e0a:before{opacity:0 !important;}@media screen and (min-width:690px){.stk-0f04e0a {flex:var(--stk-flex-grow, 1) 1 calc(33.33% - var(--stk-column-gap, 0px) * 2 \/ 3 ) !important;}}@media screen and (min-width:690px) and (max-width:999px){.stk-0f04e0a {flex:var(--stk-flex-grow, 1) 1 calc(50% - var(--stk-column-gap, 0px) * 2 \/ 3 ) !important;}}@media screen and (max-width:999px){.stk-0f04e0a {padding-top:80px !important;padding-right:40px !important;padding-bottom:80px !important;padding-left:40px !important;}}<\/style><div class=\"stk-column-wrapper stk-block-column__content stk-container stk-0f04e0a-container stk--no-background stk--no-padding\"><div class=\"stk-block-content stk-inner-blocks stk-0f04e0a-inner-blocks\">\n<div class=\"wp-block-stackable-heading stk-block-heading stk-block-heading--v2 stk-block stk-a8aacbc\" id=\"span-style-color-var-theme-palette-color-8-ffffff-class-stk-highlight-par-mums-span\" data-block-id=\"a8aacbc\"><style>.stk-a8aacbc .stk-block-heading__text{font-size:36px !important;color:var(u002du002dtheme-palette-color-8, #ffffff) !important;}@media screen and (max-width:999px){.stk-a8aacbc .stk-block-heading__text{font-size:25px !important;}}<\/style><h1 class=\"stk-block-heading__text has-text-color has-text-align-center stk-block-heading--use-theme-margins\"><span style=\"color: var(--theme-palette-color-8, #ffffff);\" class=\"stk-highlight\">\u041e \u041d\u0410\u0421<\/span><\/h1><\/div>\n<\/div><\/div><\/div>\n\n\n\n<div class=\"wp-block-stackable-column stk-block-column stk-column stk--hide-tablet stk--hide-mobile stk-block stk-3f798d2 stk-block-background stk--has-background-overlay\" data-v=\"4\" data-block-id=\"3f798d2\"><style>.stk-3f798d2-container{margin-top:0px !important;margin-right:0px !important;margin-bottom:0px !important;margin-left:0px !important;}.stk-3f798d2 {background-color:#000000 !important;background-image:url(https:\/\/winehouse.lv\/wp-content\/uploads\/2026\/03\/aeba7ef2-8fa5-4bae-9cfe-70ff7212fd46.png) !important;}.stk-3f798d2:before{background-color:#000000 !important;opacity:0.4 !important;}@media screen and (min-width:690px){.stk-3f798d2 {flex:var(--stk-flex-grow, 1) 1 calc(33.333333333333336% - var(--stk-column-gap, 0px) * 2 \/ 3 ) !important;}}@media screen and (min-width:690px) and (max-width:999px){.stk-3f798d2 {flex:var(--stk-flex-grow, 1) 1 calc(25% - var(--stk-column-gap, 0px) * 2 \/ 3 ) !important;}}<\/style><div class=\"stk-column-wrapper stk-block-column__content stk-container stk-3f798d2-container stk--no-background stk--no-padding\"><div class=\"stk-block-content stk-inner-blocks stk-3f798d2-inner-blocks\">\n<div class=\"wp-block-stackable-spacer stk-block-spacer stk--no-padding stk-block stk-d0bd3ff\" data-block-id=\"d0bd3ff\"><style>.stk-d0bd3ff {height:100px !important;}@media screen and (max-width:689px){.stk-d0bd3ff {height:250px !important;}}<\/style><\/div>\n<\/div><\/div><\/div>\n<\/div><\/div>\n<\/div>\n\n\n\n<div class=\"wp-block-stackable-columns stk-block-columns stk-block stk-5fad5e2\" data-block-id=\"5fad5e2\"><style>.stk-5fad5e2 .stk--block-align-5fad5e2{align-items:center !important;}.stk-5fad5e2 {margin-bottom:40px !important;}.stk-5fad5e2-column{--stk-column-gap:50px !important;row-gap:80px !important;}<\/style><div class=\"stk-row stk-inner-blocks stk--block-align-5fad5e2 stk-block-content stk-content-align stk-5fad5e2-column\">\n<div class=\"wp-block-stackable-column stk-block-column stk-column stk-block stk-c528311\" data-v=\"4\" data-block-id=\"c528311\"><style>.stk-c528311-container{margin-top:0px !important;margin-right:0px !important;margin-bottom:0px !important;margin-left:0px !important;}@media screen and (min-width:690px){.stk-c528311 {flex:var(--stk-flex-grow, 1) 1 calc(70% - var(--stk-column-gap, 0px) * 1 \/ 2 ) !important;}}@media screen and (min-width:690px) and (max-width:999px){.stk-c528311 {flex:var(--stk-flex-grow, 1) 1 calc(100% - var(--stk-column-gap, 0px) * 0 \/ 1 ) !important;}}<\/style><div class=\"stk-column-wrapper stk-block-column__content stk-container stk-c528311-container stk--no-background stk--no-padding\"><div class=\"stk-block-content stk-inner-blocks stk-c528311-inner-blocks\">\n<div class=\"wp-block-stackable-text stk-block-text stk-block stk-a99f619\" data-block-id=\"a99f619\"><style>.stk-a99f619 {margin-bottom:12px !important;}.stk-a99f619 .stk-block-text__text{font-size:24px !important;color:var(--theme-palette-color-4, #2C1E18) !important;font-weight:900 !important;}@media screen and (max-width:999px){.stk-a99f619 {margin-bottom:40px !important;}.stk-a99f619 .stk-block-text__text{font-size:18px !important;}}<\/style><p class=\"stk-block-text__text has-text-color has-text-align-left has-text-align-center-tablet\"><span style=\"color: var(--theme-palette-color-1, #75151d);\" class=\"stk-highlight\">\u042d\u0442\u043e \u043d\u0435 \u043f\u0440\u043e\u0441\u0442\u043e \u0432\u0438\u043d\u043d\u044b\u0439 \u0431\u0430\u0440, \u043c\u0430\u0433\u0430\u0437\u0438\u043d \u0438\u043b\u0438 \u0448\u043a\u043e\u043b\u0430!<\/span><\/p><\/div>\n\n\n\n<p><strong>\u041c\u044b \u2014 \u0430\u043a\u0442\u0438\u0432\u043d\u043e\u0435 \u0441\u043e\u043e\u0431\u0449\u0435\u0441\u0442\u0432\u043e \u043b\u044e\u0431\u0438\u0442\u0435\u043b\u0435\u0439 \u0432\u0438\u043d\u0430. \u0427\u0435\u0440\u0435\u0437 \u0438\u043d\u0442\u0435\u0440\u0435\u0441\u043d\u044b\u0435 \u043c\u0435\u0440\u043e\u043f\u0440\u0438\u044f\u0442\u0438\u044f, \u0441\u0435\u043c\u0438\u043d\u0430\u0440\u044b \u0438 \u043a\u0443\u0440\u0441\u044b \u043c\u044b \u0441\u043e\u0437\u0434\u0430\u0451\u043c \u043f\u0440\u043e\u0441\u0442\u0440\u0430\u043d\u0441\u0442\u0432\u043e, \u0433\u0434\u0435 \u043c\u043e\u0436\u043d\u043e \u0440\u0430\u0437\u0434\u0435\u043b\u0438\u0442\u044c \u0441\u0432\u043e\u044e \u0441\u0442\u0440\u0430\u0441\u0442\u044c \u043a \u0432\u0438\u043d\u0443 \u0438 \u043d\u0430\u0441\u043b\u0430\u0434\u0438\u0442\u044c\u0441\u044f \u0435\u044e \u0432\u043c\u0435\u0441\u0442\u0435.<span style=\"color: #222222;\" class=\"stk-highlight\"><br><\/span><\/strong>\u0412 \u043d\u0430\u0448\u0435\u043c \u0431\u0430\u0440\u0435 \u0432\u044b \u0432\u0441\u0435\u0433\u0434\u0430 \u0431\u0443\u0434\u0435\u0442\u0435 \u0436\u0435\u043b\u0430\u043d\u043d\u044b\u043c \u0433\u043e\u0441\u0442\u0435\u043c. \u0423 \u043d\u0430\u0441 \u0432\u0441\u0435\u0433\u0434\u0430 \u0435\u0441\u0442\u044c 8\u201310 \u0442\u0449\u0430\u0442\u0435\u043b\u044c\u043d\u043e \u043e\u0442\u043e\u0431\u0440\u0430\u043d\u043d\u044b\u0445 \u0432\u0438\u043d \u0434\u043b\u044f \u0434\u0435\u0433\u0443\u0441\u0442\u0430\u0446\u0438\u0438 \u043d\u0430 \u043c\u0435\u0441\u0442\u0435, \u0430 \u043f\u0440\u043e\u0444\u0435\u0441\u0441\u0438\u043e\u043d\u0430\u043b\u044c\u043d\u0430\u044f \u043a\u043e\u043c\u0430\u043d\u0434\u0430 \u043f\u043e\u043c\u043e\u0436\u0435\u0442 \u0432\u044b\u0431\u0440\u0430\u0442\u044c \u043d\u0430\u043f\u0438\u0442\u043e\u043a \u043f\u043e \u0432\u0430\u0448\u0438\u043c \u043f\u0440\u0435\u0434\u043f\u043e\u0447\u0442\u0435\u043d\u0438\u044f\u043c. \u041c\u044b \u0442\u0430\u043a\u0436\u0435 \u043f\u0440\u0435\u0434\u043b\u0430\u0433\u0430\u0435\u043c \u0448\u0438\u0440\u043e\u043a\u0438\u0439 \u0432\u044b\u0431\u043e\u0440 \u043a\u0440\u0435\u043f\u043a\u0438\u0445 \u043d\u0430\u043f\u0438\u0442\u043a\u043e\u0432 \u2014 \u0432\u0438\u0441\u043a\u0438, \u0440\u043e\u043c, \u043a\u043e\u043d\u044c\u044f\u043a, \u0434\u0436\u0438\u043d, \u0442\u0435\u043a\u0438\u043b\u0443, \u0440\u0430\u0437\u043d\u043e\u043e\u0431\u0440\u0430\u0437\u043d\u044b\u0435 \u043a\u043e\u043a\u0442\u0435\u0439\u043b\u0438 \u0438 \u043a\u043b\u0430\u0441\u0441\u0438\u043a\u0443. \u041d\u0435 \u0437\u0430\u0431\u044b\u0432\u0430\u0435\u043c \u0438 \u043e \u043a\u0430\u0447\u0435\u0441\u0442\u0432\u0435\u043d\u043d\u044b\u0445 \u0437\u0430\u043a\u0443\u0441\u043a\u0430\u0445, \u043a\u043e\u0442\u043e\u0440\u044b\u0435 \u0438\u0434\u0435\u0430\u043b\u044c\u043d\u043e \u0434\u043e\u043f\u043e\u043b\u043d\u044f\u0442 \u0432\u0430\u0448 \u043d\u0430\u043f\u0438\u0442\u043e\u043a.<br>\u0412\u044b \u043c\u043e\u0436\u0435\u0442\u0435 \u043f\u0440\u0438\u043e\u0431\u0440\u0435\u0441\u0442\u0438 \u043d\u0430\u043f\u0438\u0442\u043a\u0438 \u0432 \u043d\u0430\u0448\u0435\u043c \u0437\u0430\u0432\u0435\u0434\u0435\u043d\u0438\u0438 \u0438\u043b\u0438 \u0432 \u0437\u0430\u043a\u0430\u0437\u0430\u0442\u044c \u0434\u043e\u0441\u0442\u0430\u0432\u043a\u0443 \u0440\u0430\u0437\u0434\u0435\u043b\u0435 <a href=\"https:\/\/shop.winehouse.lv\/category\/wine\/\"><strong>\u041c\u0410\u0413\u0410\u0417\u0418\u041d<\/strong><\/a><br>\u0421 2019 \u0433\u043e\u0434\u0430 \u043d\u0430\u0448\u0443 \u0412\u0438\u043d\u043d\u0443\u044e \u0448\u043a\u043e\u043b\u0443 \u043e\u043a\u043e\u043d\u0447\u0438\u043b\u0438 \u0431\u043e\u043b\u0435\u0435 600 \u0441\u0442\u0443\u0434\u0435\u043d\u0442\u043e\u0432. \u041c\u044b \u043f\u0440\u0435\u0434\u043b\u0430\u0433\u0430\u0435\u043c \u043c\u0435\u0436\u0434\u0443\u043d\u0430\u0440\u043e\u0434\u043d\u043e\u0435 \u043e\u0431\u0440\u0430\u0437\u043e\u0432\u0430\u043d\u0438\u0435 \u043f\u043e \u0441\u0442\u0430\u043d\u0434\u0430\u0440\u0442\u0430\u043c <strong>International Sommelier Guild.<\/strong> \u041f\u043e \u043e\u043a\u043e\u043d\u0447\u0430\u043d\u0438\u0438 \u043a\u0443\u0440\u0441\u0430 \u0432\u044b \u0441\u043c\u043e\u0436\u0435\u0442\u0435 \u0440\u0430\u0437\u0431\u0438\u0440\u0430\u0442\u044c\u0441\u044f \u0432 \u0432\u0438\u043d\u0435 \u0438 \u043e\u0446\u0435\u043d\u0438\u0432\u0430\u0442\u044c \u0435\u0433\u043e \u043a\u0430\u0447\u0435\u0441\u0442\u0432\u043e, \u0430 \u0442\u0430\u043a\u0436\u0435 \u043f\u043e\u043b\u0443\u0447\u0438\u0442\u0435 \u0441\u0435\u0440\u0442\u0438\u0444\u0438\u043a\u0430\u0442, \u043f\u0440\u0438\u0437\u043d\u0430\u0432\u0430\u0435\u043c\u044b\u0439 \u0432\u043e \u0432\u0441\u0451\u043c \u043c\u0438\u0440\u0435. \u041e\u0431\u0443\u0447\u0435\u043d\u0438\u0435 \u043f\u0440\u043e\u0432\u043e\u0434\u0438\u0442\u0441\u044f \u043d\u0430 \u0440\u0443\u0441\u0441\u043a\u043e\u043c \u044f\u0437\u044b\u043a\u0435.<br><strong><span style=\"color: var(--theme-palette-color-1, #CA1717);\" class=\"stk-highlight\">WINE HOUSE<\/span><\/strong> \u0442\u0430\u043a\u0436\u0435 \u043e\u0442\u043b\u0438\u0447\u043d\u043e \u043f\u043e\u0434\u0445\u043e\u0434\u0438\u0442 \u0434\u043b\u044f \u043e\u0440\u0433\u0430\u043d\u0438\u0437\u0430\u0446\u0438\u0438 \u0441\u043e\u0431\u0441\u0442\u0432\u0435\u043d\u043d\u044b\u0445 \u043c\u0435\u0440\u043e\u043f\u0440\u0438\u044f\u0442\u0438\u0439. \u041c\u044b \u043f\u0440\u0435\u0434\u043b\u0430\u0433\u0430\u0435\u043c \u0442\u0435\u043c\u0430\u0442\u0438\u0447\u0435\u0441\u043a\u0438\u0435 \u0434\u0435\u0433\u0443\u0441\u0442\u0430\u0446\u0438\u0438, \u0443\u0432\u043b\u0435\u043a\u0430\u0442\u0435\u043b\u044c\u043d\u044b\u0435 \u0432\u0438\u043a\u0442\u043e\u0440\u0438\u043d\u044b \u0438 \u0432\u0438\u043d\u043d\u043e\u0435 \u043a\u0430\u0437\u0438\u043d\u043e, \u0447\u0442\u043e\u0431\u044b \u0432\u0430\u0448\u0435 \u0442\u043e\u0440\u0436\u0435\u0441\u0442\u0432\u043e \u0441\u0442\u0430\u043b\u043e \u043e\u0440\u0438\u0433\u0438\u043d\u0430\u043b\u044c\u043d\u044b\u043c \u0438 \u043d\u0435\u0437\u0430\u0431\u044b\u0432\u0430\u0435\u043c\u044b\u043c.<\/p>\n<\/div><\/div><\/div>\n\n\n\n<div class=\"wp-block-stackable-column stk-block-column stk-column stk--hide-tablet stk--hide-mobile stk-block stk-48b8ece\" data-v=\"4\" data-block-id=\"48b8ece\"><style>.stk-48b8ece-container{margin-top:0px !important;margin-right:0px !important;margin-bottom:0px !important;margin-left:0px !important;}@media screen and (min-width:690px){.stk-48b8ece {flex:var(--stk-flex-grow, 1) 1 calc(30% - var(--stk-column-gap, 0px) * 1 \/ 2 ) !important;}}@media screen and (min-width:690px) and (max-width:999px){.stk-48b8ece {flex:var(--stk-flex-grow, 1) 1 calc(100% - var(--stk-column-gap, 0px) * 0 \/ 1 ) !important;}}<\/style><div class=\"stk-column-wrapper stk-block-column__content stk-container stk-48b8ece-container stk--no-background stk--no-padding\"><div class=\"stk-block-content stk-inner-blocks stk-48b8ece-inner-blocks\">\n<div class=\"wp-block-stackable-columns stk-block-columns stk-block stk-4cc089b\" data-block-id=\"4cc089b\"><style>.stk-4cc089b {min-height:var(--stk--preset--block-height--none, 0px) !important;margin-bottom:0px !important;}@media screen and (max-width:689px){.stk-4cc089b {margin-bottom:10px !important;}.stk-4cc089b-column{row-gap:10px !important;}}<\/style><div class=\"stk-row stk-inner-blocks stk-block-content stk-content-align stk-4cc089b-column\">\n<div class=\"wp-block-stackable-column stk-block-column stk-column stk-block stk-1a7da7b\" data-v=\"4\" data-block-id=\"1a7da7b\"><style>.stk-1a7da7b-container{margin-top:0px !important;margin-right:0px !important;margin-bottom:0px !important;margin-left:0px !important;}<\/style><div class=\"stk-column-wrapper stk-block-column__content stk-container stk-1a7da7b-container stk--no-background stk--no-padding\"><div class=\"stk-block-content stk-inner-blocks stk-1a7da7b-inner-blocks\">\n<div class=\"wp-block-stackable-image stk-block-image stk-block stk-c86659e\" data-block-id=\"c86659e\"><style>.stk-c86659e .stk-img-wrapper{width:100% !important;height:100% !important;}.stk-c86659e .stk-img-wrapper img{border-radius:var(--stk--preset--border-radius--large, 16px) !important;}<\/style><figure><span class=\"stk-img-wrapper stk-image--shape-stretch\"><img loading=\"lazy\" decoding=\"async\" class=\"stk-img wp-image-1195\" src=\"https:\/\/winehouse.lv\/wp-content\/uploads\/2026\/03\/10427d85-0b35-411b-a378-0a83f4ea6ac6.png\" width=\"316\" height=\"497\" srcset=\"https:\/\/winehouse.lv\/wp-content\/uploads\/2026\/03\/10427d85-0b35-411b-a378-0a83f4ea6ac6.png 316w, https:\/\/winehouse.lv\/wp-content\/uploads\/2026\/03\/10427d85-0b35-411b-a378-0a83f4ea6ac6-191x300.png 191w, https:\/\/winehouse.lv\/wp-content\/uploads\/2026\/03\/10427d85-0b35-411b-a378-0a83f4ea6ac6-8x12.png 8w\" sizes=\"auto, (max-width: 316px) 100vw, 316px\" \/><\/span><\/figure><\/div>\n<\/div><\/div><\/div>\n<\/div><\/div>\n\n\n\n<div class=\"wp-block-stackable-divider stk-block-divider stk-block stk-53065a4\" data-block-id=\"53065a4\"><style>.stk-53065a4 hr.stk-block-divider__hr{background:#00000000 !important;}.stk-53065a4 {margin-bottom:0px !important;}<\/style><hr class=\"stk-block-divider__hr\"\/><\/div>\n<\/div><\/div><\/div>\n<\/div><\/div>","protected":false},"excerpt":{"rendered":"<p>PAR MUMS Tas nav tikai v\u012bna b\u0101rs, veikals vai skola! M\u0113s esam akt\u012bva v\u012bna entuziastu kopiena. R\u012bkojot interesantus pas\u0101kumus, semin\u0101rus un kursus, m\u0113s rad\u0101m vietu, kur var dal\u012bties ar savu aizrau\u0161anos ar v\u012bnu un izbaud\u012bt to kop\u0101.M\u016bsu b\u0101r\u0101 j\u016bs vienm\u0113r esat gaid\u012bts viesis. Pie mums vienm\u0113r atrad\u012bsiet 8\u201310 r\u016bp\u012bgi izv\u0113l\u0113tus v\u012bnus, kurus var\u0113siet baud\u012bt uz [&hellip;]<\/p>\n","protected":false},"author":1,"featured_media":0,"parent":0,"menu_order":0,"comment_status":"closed","ping_status":"closed","template":"","meta":{"footnotes":""},"class_list":["post-367","page","type-page","status-publish","hentry"],"blocksy_meta":{"styles_descriptor":{"styles":{"desktop":"","tablet":"","mobile":""},"google_fonts":[],"version":6},"page_title_panel":"","has_hero_section":"disabled","30bc2ffcfb8806c7c5c158e966a65760":"","hero_section":"type-1","hero_elements":[{"id":"custom_title","enabled":true,"heading_tag":"h1","title":"Home"},{"id":"custom_description","enabled":true,"description_visibility":{"desktop":true,"tablet":true,"mobile":false}},{"id":"custom_meta","enabled":false,"meta_elements":[{"id":"author","enabled":true,"label":"By","has_author_avatar":"yes","avatar_size":25},{"id":"post_date","enabled":true,"label":"On","date_format_source":"default","date_format":"M j, Y"},{"id":"updated_date","enabled":false,"label":"On","date_format_source":"default","date_format":"M j, Y"},{"id":"categories","enabled":false,"label":"In","style":"simple"},{"id":"comments","enabled":true}],"page_meta_elements":{"joined":true,"articles_count":true,"comments":true}},{"id":"breadcrumbs","enabled":false}],"055c9ea96aa1d3b3012b15ac5702cc32":"","hero_alignment1":"CT_CSS_SKIP_RULE","hero_margin":40,"hero_alignment2":"center","hero_vertical_alignment":"center","f3bf3006ea8c007c3d38f124746bfa69":"","hero_structure":"narrow","3b08f62b2d3d61f1e4ab90d33ca533ce":"","page_title_bg_type":"featured_image","custom_hero_background":{"attachment_id":null},"page_title_image_size":"full","parallax":{"desktop":false,"tablet":false,"mobile":false},"8054fd0d19580bce629d54e8b2c1c046":"","hero_height":"250px","pageTitleFont":{"family":"Default","variation":"Default","size":"30px","line-height":"CT_CSS_SKIP_RULE","letter-spacing":"CT_CSS_SKIP_RULE","text-transform":"CT_CSS_SKIP_RULE","text-decoration":"CT_CSS_SKIP_RULE"},"pageTitleFontColor":{"default":{"color":"CT_CSS_SKIP_RULEDEFAULT"}},"pageMetaFont":{"family":"Default","variation":"n6","size":"12px","line-height":"1.3","letter-spacing":"CT_CSS_SKIP_RULE","text-transform":"uppercase","text-decoration":"CT_CSS_SKIP_RULE"},"pageMetaFontColor":{"default":{"color":"CT_CSS_SKIP_RULEDEFAULT"},"hover":{"color":"CT_CSS_SKIP_RULEDEFAULT"}},"page_meta_button_type_font_colors":{"default":{"color":"CT_CSS_SKIP_RULEDEFAULT"},"hover":{"color":"CT_CSS_SKIP_RULEDEFAULT"}},"page_meta_button_type_background_colors":{"default":{"color":"CT_CSS_SKIP_RULEDEFAULT"},"hover":{"color":"CT_CSS_SKIP_RULEDEFAULT"}},"pageExcerptFont":{"family":"Default","variation":"Default","size":"CT_CSS_SKIP_RULE","line-height":"CT_CSS_SKIP_RULE","letter-spacing":"CT_CSS_SKIP_RULE","text-transform":"CT_CSS_SKIP_RULE","text-decoration":"CT_CSS_SKIP_RULE"},"pageExcerptColor":{"default":{"color":"CT_CSS_SKIP_RULEDEFAULT"}},"breadcrumbsFont":{"family":"Default","variation":"Default","size":"CT_CSS_SKIP_RULE","line-height":"CT_CSS_SKIP_RULE","letter-spacing":"CT_CSS_SKIP_RULE","text-transform":"CT_CSS_SKIP_RULE","text-decoration":"CT_CSS_SKIP_RULE"},"breadcrumbsFontColor":{"default":{"color":"CT_CSS_SKIP_RULEDEFAULT"},"initial":{"color":"CT_CSS_SKIP_RULEDEFAULT"},"hover":{"color":"CT_CSS_SKIP_RULEDEFAULT"}},"pageTitleOverlay":{"background_type":"color","background_pattern":"type-1","background_image":{"attachment_id":null,"x":0,"y":0},"gradient":"linear-gradient(135deg,rgba(6,147,227,1) 0%,rgb(155,81,224) 100%)","background_repeat":"repeat","background_size":"auto","background_attachment":"scroll","patternColor":{"default":{"color":"#e5e7ea"}},"overlayColor":{"default":{"color":"CT_CSS_SKIP_RULE"}},"backgroundColor":{"default":{"color":"CT_CSS_SKIP_RULE"}}},"pageTitleBackground":{"background_type":"color","background_pattern":"type-1","background_image":{"attachment_id":null,"x":0,"y":0},"gradient":"linear-gradient(135deg,rgba(6,147,227,1) 0%,rgb(155,81,224) 100%)","background_repeat":"repeat","background_size":"auto","background_attachment":"scroll","patternColor":{"default":{"color":"#e5e7ea"}},"overlayColor":{"default":{"color":"CT_CSS_SKIP_RULE"}},"backgroundColor":{"default":{"color":"var(--theme-palette-color-6)"}}},"pageTitlePadding":{"top":"50px","bottom":"50px","left":"auto","right":"auto","linked":true},"295552b992ae0b3e5ed6d86c208e1a9b":"","page_structure_type":"default","9c977c51da051d8e9d3bfa2534ee29fe":"","content_style_source":"inherit","content_style":"wide","vertical_spacing_source":"custom","content_area_spacing":"none","background":{"background_type":"color","background_pattern":"type-1","background_image":{"attachment_id":null,"x":0,"y":0},"gradient":"linear-gradient(135deg,rgba(6,147,227,1) 0%,rgb(155,81,224) 100%)","background_repeat":"repeat","background_size":"auto","background_attachment":"scroll","patternColor":{"default":{"color":"#e5e7ea"}},"overlayColor":{"default":{"color":"CT_CSS_SKIP_RULE"}},"backgroundColor":{"default":{"color":"CT_CSS_SKIP_RULE"}}},"content_background":{"background_type":"color","background_pattern":"type-1","background_image":{"attachment_id":null,"x":0,"y":0},"gradient":"linear-gradient(135deg,rgba(6,147,227,1) 0%,rgb(155,81,224) 100%)","background_repeat":"repeat","background_size":"auto","background_attachment":"scroll","patternColor":{"default":{"color":"#e5e7ea"}},"overlayColor":{"default":{"color":"CT_CSS_SKIP_RULE"}},"backgroundColor":{"default":{"color":"var(--theme-palette-color-8)"}}},"content_boxed_shadow":{"inherit":false,"blur":18,"spread":-6,"v_offset":12,"h_offset":0,"inset":false,"enable":true,"color":{"color":"rgba(34, 56, 101, 0.04)"}},"content_boxed_border":{"width":1,"style":"none","color":{"color":"rgba(44,62,80,0.2)"}},"content_boxed_radius":{"top":"3px","bottom":"3px","left":"3px","right":"3px","linked":true},"boxed_content_spacing":{"desktop":{"top":"40px","bottom":"40px","left":"40px","right":"40px","linked":true},"tablet":{"top":"35px","bottom":"35px","left":"35px","right":"35px","linked":true},"mobile":{"top":"20px","bottom":"20px","left":"20px","right":"20px","linked":true}},"3d8f2192bb3e81289975adccbeaf9c52":"","disable_featured_image":"no","disable_share_box":"no","disable_header":"no","disable_footer":"no"},"_hostinger_reach_plugin_has_subscription_block":false,"_hostinger_reach_plugin_is_elementor":false,"_links":{"self":[{"href":"https:\/\/winehouse.lv\/ru\/wp-json\/wp\/v2\/pages\/367","targetHints":{"allow":["GET"]}}],"collection":[{"href":"https:\/\/winehouse.lv\/ru\/wp-json\/wp\/v2\/pages"}],"about":[{"href":"https:\/\/winehouse.lv\/ru\/wp-json\/wp\/v2\/types\/page"}],"author":[{"embeddable":true,"href":"https:\/\/winehouse.lv\/ru\/wp-json\/wp\/v2\/users\/1"}],"replies":[{"embeddable":true,"href":"https:\/\/winehouse.lv\/ru\/wp-json\/wp\/v2\/comments?post=367"}],"version-history":[{"count":24,"href":"https:\/\/winehouse.lv\/ru\/wp-json\/wp\/v2\/pages\/367\/revisions"}],"predecessor-version":[{"id":1351,"href":"https:\/\/winehouse.lv\/ru\/wp-json\/wp\/v2\/pages\/367\/revisions\/1351"}],"wp:attachment":[{"href":"https:\/\/winehouse.lv\/ru\/wp-json\/wp\/v2\/media?parent=367"}],"curies":[{"name":"wp","href":"https:\/\/api.w.org\/{rel}","templated":true}]}}