{"id":1418,"date":"2026-04-20T10:03:11","date_gmt":"2026-04-20T10:03:11","guid":{"rendered":"https:\/\/winehouse.lv\/cookie-policy-eu\/"},"modified":"2026-04-20T10:28:23","modified_gmt":"2026-04-20T10:28:23","slug":"cookie-policy","status":"publish","type":"page","link":"https:\/\/winehouse.lv\/ru\/cookie-policy\/","title":{"rendered":"\u041f\u043e\u043b\u0438\u0442\u0438\u043a\u0430 \u0438\u0441\u043f\u043e\u043b\u044c\u0437\u043e\u0432\u0430\u043d\u0438\u044f \u0444\u0430\u0439\u043b\u043e\u0432 cookie"},"content":{"rendered":"<p><strong>I. \u041e\u0431\u0449\u0438\u0435 \u043f\u043e\u043b\u043e\u0436\u0435\u043d\u0438\u044f<\/strong>&nbsp;<\/p>\n\n\n\n<ol class=\"wp-block-list\">\n<li>\u041e\u0431\u0449\u0435\u0441\u0442\u0432\u043e \u0441 \u043e\u0433\u0440\u0430\u043d\u0438\u0447\u0435\u043d\u043d\u043e\u0439 \u043e\u0442\u0432\u0435\u0442\u0441\u0442\u0432\u0435\u043d\u043d\u043e\u0441\u0442\u044c\u044e \u201cWITI\u201d, \u0440\u0435\u0433\u0438\u0441\u0442\u0440\u0430\u0446\u0438\u043e\u043d\u043d\u044b\u0439 \u043d\u043e\u043c\u0435\u0440 40203220268, \u0430\u0434\u0440\u0435\u0441: \u0443\u043b\u0438\u0446\u0430 \u041f\u0443\u0446\u0435\u0441, 43-63, \u0420\u0438\u0433\u0430, LV-1082; \u0430\u0434\u0440\u0435\u0441 \u044d\u043b\u0435\u043a\u0442\u0440\u043e\u043d\u043d\u043e\u0439 \u043f\u043e\u0447\u0442\u044b:<a href=\"mailto:winehouse.riga@gmail.com\">winehouse.riga@gmail.com<\/a>; \u0410\u0434\u0440\u0435\u0441 \u0432\u0435\u0431-\u0441\u0430\u0439\u0442\u0430:<a href=\"https:\/\/www.winehouse.lv%20\/\">https:\/\/www.winehouse.lv<\/a>\u041a\u043e\u043c\u043f\u0430\u043d\u0438\u044f (\u0434\u0430\u043b\u0435\u0435 \u0438\u043c\u0435\u043d\u0443\u0435\u043c\u0430\u044f \u00ab\u041a\u043e\u043c\u043f\u0430\u043d\u0438\u044f\u00bb) \u043e\u0431\u044f\u0437\u0443\u0435\u0442\u0441\u044f \u043f\u0440\u0435\u0434\u043e\u0441\u0442\u0430\u0432\u043b\u044f\u0442\u044c \u0432\u0435\u0431-\u0441\u0430\u0439\u0442\u044b \u041a\u043e\u043c\u043f\u0430\u043d\u0438\u0438.&nbsp;<a href=\"https:\/\/winehouse.lv\/ru\/\">https:\/\/www.winehouse.lv<\/a>(\u0434\u0430\u043b\u0435\u0435 \u0438\u043c\u0435\u043d\u0443\u0435\u043c\u044b\u0439 \u0432\u0435\u0431-\u0441\u0430\u0439\u0442\u043e\u043c) \u0438 \u043e\u0431\u0435\u0441\u043f\u0435\u0447\u0435\u043d\u0438\u0435 \u0431\u0435\u0437\u043e\u043f\u0430\u0441\u043d\u043e\u0441\u0442\u0438 \u043f\u0435\u0440\u0441\u043e\u043d\u0430\u043b\u044c\u043d\u044b\u0445 \u0434\u0430\u043d\u043d\u044b\u0445 \u0435\u0433\u043e \u043f\u043e\u0441\u0435\u0442\u0438\u0442\u0435\u043b\u0435\u0439, \u0430 \u0442\u0430\u043a\u0436\u0435 \u0437\u0430\u0449\u0438\u0442\u0430 \u0438\u0445 \u043f\u0440\u0430\u0432 \u043f\u0440\u0438 \u043f\u043e\u0441\u0435\u0449\u0435\u043d\u0438\u0438 \u0432\u0435\u0431-\u0441\u0430\u0439\u0442\u0430 \u041a\u043e\u043c\u043f\u0430\u043d\u0438\u0438 \u0438 \u043e\u0437\u043d\u0430\u043a\u043e\u043c\u043b\u0435\u043d\u0438\u0438 \u0441 \u0435\u0433\u043e \u0441\u043e\u0434\u0435\u0440\u0436\u0438\u043c\u044b\u043c.&nbsp;<\/li>\n\n\n\n<li>\u0414\u0430\u043d\u043d\u0430\u044f \u043f\u043e\u043b\u0438\u0442\u0438\u043a\u0430 \u0438\u0441\u043f\u043e\u043b\u044c\u0437\u043e\u0432\u0430\u043d\u0438\u044f \u0444\u0430\u0439\u043b\u043e\u0432 cookie \u0440\u0430\u0437\u0440\u0430\u0431\u043e\u0442\u0430\u043d\u0430 \u0441 \u0446\u0435\u043b\u044c\u044e \u043f\u0440\u0435\u0434\u043e\u0441\u0442\u0430\u0432\u043b\u0435\u043d\u0438\u044f \u043f\u043e\u0441\u0435\u0442\u0438\u0442\u0435\u043b\u044f\u043c \u043d\u0430\u0448\u0435\u0433\u043e \u0432\u0435\u0431-\u0441\u0430\u0439\u0442\u0430 \u0434\u043e\u043f\u043e\u043b\u043d\u0438\u0442\u0435\u043b\u044c\u043d\u043e\u0439 \u0438\u043d\u0444\u043e\u0440\u043c\u0430\u0446\u0438\u0438 \u043e\u0431 \u0438\u0441\u043f\u043e\u043b\u044c\u0437\u0443\u0435\u043c\u044b\u0445 \u043d\u0430 \u0441\u0430\u0439\u0442\u0435 \u0442\u0435\u0445\u043d\u043e\u043b\u043e\u0433\u0438\u044f\u0445 \u0438 \u043e \u0442\u043e\u043c, \u043a\u0430\u043a \u043a\u043e\u043c\u043f\u0430\u043d\u0438\u044f \u0438\u0445 \u043f\u0440\u0438\u043c\u0435\u043d\u044f\u0435\u0442.&nbsp;<\/li>\n<\/ol>\n\n\n\n<p><strong>II. \u0418\u043d\u0444\u043e\u0440\u043c\u0430\u0446\u0438\u044f \u043e \u0444\u0430\u0439\u043b\u0430\u0445 cookie<\/strong>&nbsp;<\/p>\n\n\n\n<ol start=\"3\" class=\"wp-block-list\">\n<li>\u0424\u0430\u0439\u043b\u044b cookie \u2014 \u044d\u0442\u043e \u043d\u0435\u0431\u043e\u043b\u044c\u0448\u0438\u0435 \u0444\u0430\u0439\u043b\u044b, \u0441\u043e\u0441\u0442\u043e\u044f\u0449\u0438\u0435 \u0438\u0437 \u0431\u0443\u043a\u0432 \u0438 \u0446\u0438\u0444\u0440, \u043a\u043e\u0442\u043e\u0440\u044b\u0435 \u0437\u0430\u0433\u0440\u0443\u0436\u0430\u044e\u0442\u0441\u044f \u0438 \u0441\u043e\u0445\u0440\u0430\u043d\u044f\u044e\u0442\u0441\u044f \u043d\u0430 \u0432\u0430\u0448\u0435\u043c \u043a\u043e\u043c\u043f\u044c\u044e\u0442\u0435\u0440\u0435 \u0438\u043b\u0438 \u0434\u0440\u0443\u0433\u043e\u043c \u0443\u0441\u0442\u0440\u043e\u0439\u0441\u0442\u0432\u0435 (\u043d\u0430\u043f\u0440\u0438\u043c\u0435\u0440, \u0441\u043c\u0430\u0440\u0442\u0444\u043e\u043d\u0435, \u043f\u043b\u0430\u043d\u0448\u0435\u0442\u0435) \u0438 \u0432 \u0432\u0430\u0448\u0435\u043c \u0432\u0435\u0431-\u0431\u0440\u0430\u0443\u0437\u0435\u0440\u0435 \u0432\u043e \u0432\u0440\u0435\u043c\u044f \u043f\u043e\u0441\u0435\u0449\u0435\u043d\u0438\u044f \u0432\u0435\u0431-\u0441\u0430\u0439\u0442\u0430. \u041e\u043d\u0438 \u043c\u043e\u0433\u0443\u0442 \u0438\u0441\u043f\u043e\u043b\u044c\u0437\u043e\u0432\u0430\u0442\u044c\u0441\u044f \u0434\u043b\u044f \u043e\u0442\u0441\u043b\u0435\u0436\u0438\u0432\u0430\u043d\u0438\u044f \u0442\u043e\u0433\u043e, \u043a\u0430\u043a\u0438\u0435 \u0441\u0442\u0440\u0430\u043d\u0438\u0446\u044b \u0432\u044b \u043f\u043e\u0441\u0435\u0449\u0430\u0435\u0442\u0435 \u043d\u0430 \u0432\u0435\u0431-\u0441\u0430\u0439\u0442\u0435, \u0434\u043b\u044f \u0445\u0440\u0430\u043d\u0435\u043d\u0438\u044f \u0432\u0432\u0435\u0434\u0435\u043d\u043d\u043e\u0439 \u0432\u0430\u043c\u0438 \u0438\u043d\u0444\u043e\u0440\u043c\u0430\u0446\u0438\u0438 \u0438\u043b\u0438 \u0434\u043b\u044f \u0437\u0430\u043f\u043e\u043c\u0438\u043d\u0430\u043d\u0438\u044f \u0432\u0430\u0448\u0438\u0445 \u043f\u0440\u0435\u0434\u043f\u043e\u0447\u0442\u0435\u043d\u0438\u0439, \u0442\u0430\u043a\u0438\u0445 \u043a\u0430\u043a \u044f\u0437\u044b\u043a\u043e\u0432\u044b\u0435 \u043d\u0430\u0441\u0442\u0440\u043e\u0439\u043a\u0438, \u0432\u043e \u0432\u0440\u0435\u043c\u044f \u043f\u0440\u043e\u0441\u043c\u043e\u0442\u0440\u0430 \u0432\u0435\u0431-\u0441\u0430\u0439\u0442\u0430.&nbsp;<\/li>\n<\/ol>\n\n\n\n<p><strong>III. \u0426\u0435\u043b\u044c \u0438 \u043f\u0440\u0430\u0432\u043e\u0432\u044b\u0435 \u043e\u0441\u043d\u043e\u0432\u0430\u043d\u0438\u044f \u0434\u043b\u044f \u0441\u043e\u0437\u0434\u0430\u043d\u0438\u044f \u0444\u0430\u0439\u043b\u043e\u0432 cookie<\/strong>&nbsp;<\/p>\n\n\n\n<ol start=\"4\" class=\"wp-block-list\">\n<li>\u0424\u0430\u0439\u043b\u044b cookie \u043d\u0435\u043e\u0431\u0445\u043e\u0434\u0438\u043c\u044b \u0434\u043b\u044f \u0442\u043e\u0433\u043e, \u0447\u0442\u043e\u0431\u044b \u0441\u0434\u0435\u043b\u0430\u0442\u044c \u043d\u0430\u0448\u0438 \u0446\u0438\u0444\u0440\u043e\u0432\u044b\u0435 \u0443\u0441\u043b\u0443\u0433\u0438 \u0431\u043e\u043b\u0435\u0435 \u0443\u0434\u043e\u0431\u043d\u044b\u043c\u0438 \u0434\u043b\u044f \u0432\u0430\u0441, \u043d\u0430\u043f\u0440\u0438\u043c\u0435\u0440, \u0434\u043b\u044f \u043e\u0441\u0443\u0449\u0435\u0441\u0442\u0432\u043b\u0435\u043d\u0438\u044f \u043e\u043d\u043b\u0430\u0439\u043d-\u043f\u043b\u0430\u0442\u0435\u0436\u0435\u0439, \u0434\u043b\u044f \u043f\u043e\u043b\u0443\u0447\u0435\u043d\u0438\u044f \u0438\u043d\u0444\u043e\u0440\u043c\u0430\u0446\u0438\u0438 \u043e \u0442\u043e\u043c, \u043a\u0430\u043a \u043f\u043e\u0441\u0435\u0442\u0438\u0442\u0435\u043b\u0438 \u0438\u0441\u043f\u043e\u043b\u044c\u0437\u0443\u044e\u0442 \u043d\u0430\u0448 \u0432\u0435\u0431-\u0441\u0430\u0439\u0442, \u0438 \u0434\u043b\u044f \u0443\u043b\u0443\u0447\u0448\u0435\u043d\u0438\u044f \u043f\u0440\u0435\u0434\u043e\u0441\u0442\u0430\u0432\u043b\u044f\u0435\u043c\u044b\u0445 \u043d\u0430\u043c\u0438 \u0443\u0441\u043b\u0443\u0433. \u0424\u0430\u0439\u043b\u044b cookie \u0442\u0430\u043a\u0436\u0435 \u0438\u0441\u043f\u043e\u043b\u044c\u0437\u0443\u044e\u0442\u0441\u044f \u0434\u043b\u044f \u043f\u0440\u0435\u0434\u043e\u0441\u0442\u0430\u0432\u043b\u0435\u043d\u0438\u044f \u0432\u0430\u043c \u043f\u0435\u0440\u0441\u043e\u043d\u0430\u043b\u0438\u0437\u0438\u0440\u043e\u0432\u0430\u043d\u043d\u043e\u0439 \u0438\u043d\u0444\u043e\u0440\u043c\u0430\u0446\u0438\u0438 \u043e \u043d\u0430\u0448\u0438\u0445 \u043f\u0440\u043e\u0434\u0443\u043a\u0442\u0430\u0445 \u0438 \u0443\u0441\u043b\u0443\u0433\u0430\u0445.&nbsp;<\/li>\n\n\n\n<li>\u041c\u044b \u0438\u0441\u043f\u043e\u043b\u044c\u0437\u0443\u0435\u043c \u0440\u0430\u0437\u043b\u0438\u0447\u043d\u044b\u0435 \u0442\u0438\u043f\u044b \u0444\u0430\u0439\u043b\u043e\u0432 cookie, \u043a\u043e\u0442\u043e\u0440\u044b\u0435 \u0443\u0441\u0442\u0430\u043d\u0430\u0432\u043b\u0438\u0432\u0430\u044e\u0442\u0441\u044f \u043f\u043e \u0443\u043c\u043e\u043b\u0447\u0430\u043d\u0438\u044e (\u043d\u0430\u043f\u0440\u0438\u043c\u0435\u0440, \u201c\u043d\u0435\u043e\u0431\u0445\u043e\u0434\u0438\u043c\u044b\u0435\u201d \u0444\u0430\u0439\u043b\u044b cookie), \u0447\u0442\u043e\u0431\u044b \u043e\u0431\u0435\u0441\u043f\u0435\u0447\u0438\u0442\u044c \u043e\u0431\u0440\u0430\u0431\u043e\u0442\u043a\u0443 \u0438 \u043e\u0442\u043f\u0440\u0430\u0432\u043a\u0443 \u0432\u0430\u0448\u0435\u0433\u043e \u0437\u0430\u043a\u0430\u0437\u0430 \u043d\u0430\u043c.&nbsp;&nbsp;<\/li>\n<\/ol>\n\n\n\n<p><strong>IV. \u0412\u0438\u0434\u044b \u043f\u0435\u0447\u0435\u043d\u044c\u044f \u0438 \u0438\u0445 \u0438\u0441\u043f\u043e\u043b\u044c\u0437\u043e\u0432\u0430\u043d\u0438\u0435<\/strong>&nbsp;<\/p>\n\n\n\n<ol start=\"6\" class=\"wp-block-list\">\n<li>\u041c\u044b \u0438\u0441\u043f\u043e\u043b\u044c\u0437\u0443\u0435\u043c \u0442\u043e\u043b\u044c\u043a\u043e \u043d\u0435\u043e\u0431\u0445\u043e\u0434\u0438\u043c\u044b\u0435 \u0444\u0430\u0439\u043b\u044b cookie.&nbsp;&nbsp;<br><strong>\u041d\u0435\u043e\u0431\u0445\u043e\u0434\u0438\u043c\u044b\u0435 \u0444\u0430\u0439\u043b\u044b cookie&nbsp;<\/strong>&nbsp;<br>\u041d\u0435\u043e\u0431\u0445\u043e\u0434\u0438\u043c\u044b\u0435 \u0444\u0430\u0439\u043b\u044b cookie \u044f\u0432\u043b\u044f\u044e\u0442\u0441\u044f \u043e\u0431\u044f\u0437\u0430\u0442\u0435\u043b\u044c\u043d\u044b\u043c\u0438 \u0438 \u043f\u043e\u0437\u0432\u043e\u043b\u044f\u044e\u0442 \u0432\u0430\u043c \u043f\u043e\u043b\u0443\u0447\u0430\u0442\u044c \u0434\u043e\u0441\u0442\u0443\u043f \u043a \u0440\u0430\u0437\u043b\u0438\u0447\u043d\u044b\u043c \u0440\u0430\u0437\u0434\u0435\u043b\u0430\u043c \u0432\u0435\u0431-\u0441\u0430\u0439\u0442\u0430. \u042d\u0442\u0438 \u0444\u0430\u0439\u043b\u044b cookie \u0445\u0440\u0430\u043d\u044f\u0442\u0441\u044f \u043d\u0430 \u0432\u0430\u0448\u0435\u043c \u043a\u043e\u043c\u043f\u044c\u044e\u0442\u0435\u0440\u0435, \u0441\u043c\u0430\u0440\u0442\u0444\u043e\u043d\u0435, \u043f\u043b\u0430\u043d\u0448\u0435\u0442\u0435 \u0438\u043b\u0438 \u0434\u0440\u0443\u0433\u043e\u043c \u0443\u0441\u0442\u0440\u043e\u0439\u0441\u0442\u0432\u0435 \u0432\u043e \u0432\u0440\u0435\u043c\u044f \u043f\u043e\u0441\u0435\u0449\u0435\u043d\u0438\u044f \u0438 \u043f\u0440\u043e\u0441\u043c\u043e\u0442\u0440\u0430 \u0432\u0435\u0431-\u0441\u0430\u0439\u0442\u0430 \u0438\u043b\u0438 \u0432 \u0442\u0435\u0447\u0435\u043d\u0438\u0435 \u043e\u043f\u0440\u0435\u0434\u0435\u043b\u0435\u043d\u043d\u043e\u0433\u043e \u043f\u0435\u0440\u0438\u043e\u0434\u0430 \u0432\u0440\u0435\u043c\u0435\u043d\u0438. \u041e\u043d\u0438 \u0443\u0441\u0442\u0430\u043d\u0430\u0432\u043b\u0438\u0432\u0430\u044e\u0442\u0441\u044f \u0432 \u043e\u0442\u0432\u0435\u0442 \u043d\u0430 \u0432\u0430\u0448\u0438 \u0434\u0435\u0439\u0441\u0442\u0432\u0438\u044f, \u043a\u043e\u0442\u043e\u0440\u044b\u0435 \u0441\u0447\u0438\u0442\u0430\u044e\u0442\u0441\u044f \u0437\u0430\u043f\u0440\u043e\u0441\u043e\u043c \u043d\u0430 \u0443\u0441\u043b\u0443\u0433\u0443, \u043d\u0430\u043f\u0440\u0438\u043c\u0435\u0440, \u0443\u0441\u0442\u0430\u043d\u043e\u0432\u043a\u0430 \u043d\u0430\u0441\u0442\u0440\u043e\u0435\u043a \u043a\u043e\u043d\u0444\u0438\u0434\u0435\u043d\u0446\u0438\u0430\u043b\u044c\u043d\u043e\u0441\u0442\u0438, \u0432\u0445\u043e\u0434 \u0432 \u0441\u0438\u0441\u0442\u0435\u043c\u0443 \u0438\u043b\u0438 \u0437\u0430\u043f\u043e\u043b\u043d\u0435\u043d\u0438\u0435 \u0444\u043e\u0440\u043c. \u042d\u0442\u0438 \u0444\u0430\u0439\u043b\u044b cookie \u043d\u0435\u043e\u0431\u0445\u043e\u0434\u0438\u043c\u044b \u0434\u043b\u044f \u0444\u0443\u043d\u043a\u0446\u0438\u043e\u043d\u0438\u0440\u043e\u0432\u0430\u043d\u0438\u044f \u0432\u0435\u0431-\u0441\u0430\u0439\u0442\u0430 \u0438 \u043f\u043e\u044d\u0442\u043e\u043c\u0443 \u043d\u0435 \u043c\u043e\u0433\u0443\u0442 \u0431\u044b\u0442\u044c \u043e\u0442\u043a\u043b\u044e\u0447\u0435\u043d\u044b, \u043f\u043e\u044d\u0442\u043e\u043c\u0443 \u0441\u043e\u0433\u043b\u0430\u0441\u0438\u0435 \u043f\u043e\u043b\u044c\u0437\u043e\u0432\u0430\u0442\u0435\u043b\u044f \u0434\u043b\u044f \u044d\u0442\u043e\u0439 \u043a\u0430\u0442\u0435\u0433\u043e\u0440\u0438\u0438 \u0444\u0430\u0439\u043b\u043e\u0432 cookie \u043d\u0435 \u0442\u0440\u0435\u0431\u0443\u0435\u0442\u0441\u044f.&nbsp;<\/li>\n<\/ol>\n\n\n\n<p><strong>VI. \u0418\u043d\u0444\u043e\u0440\u043c\u0430\u0446\u0438\u044f \u043e \u0441\u043e\u0433\u043b\u0430\u0441\u0438\u0438 \u043b\u0438\u0446\u0430 \u043d\u0430 \u0441\u043e\u0437\u0434\u0430\u043d\u0438\u0435 \u0444\u0430\u0439\u043b\u043e\u0432 cookie.<\/strong>&nbsp;<\/p>\n\n\n\n<ol start=\"7\" class=\"wp-block-list\">\n<li>\u0414\u043b\u044f \u201c\u043d\u0435\u043e\u0431\u0445\u043e\u0434\u0438\u043c\u044b\u0445\u201d \u0444\u0430\u0439\u043b\u043e\u0432 cookie \u0441\u043e\u0433\u043b\u0430\u0441\u0438\u0435 \u043f\u043e\u043b\u044c\u0437\u043e\u0432\u0430\u0442\u0435\u043b\u044f \u043d\u0435 \u0442\u0440\u0435\u0431\u0443\u0435\u0442\u0441\u044f, \u043f\u043e\u0441\u043a\u043e\u043b\u044c\u043a\u0443 \u044d\u0442\u0438 \u0444\u0430\u0439\u043b\u044b cookie \u043e\u0431\u0435\u0441\u043f\u0435\u0447\u0438\u0432\u0430\u044e\u0442 \u043f\u043e\u043b\u043d\u043e\u0435 \u0438 \u0431\u0435\u0441\u043f\u0435\u0440\u0435\u0431\u043e\u0439\u043d\u043e\u0435 \u043e\u0442\u043e\u0431\u0440\u0430\u0436\u0435\u043d\u0438\u0435 \u043a\u043e\u043d\u0442\u0435\u043d\u0442\u0430 \u0432\u0435\u0431-\u0441\u0430\u0439\u0442\u0430 www.winehouse.lv, \u043f\u043e\u0437\u0432\u043e\u043b\u044f\u044f \u0432\u0430\u043c \u0432\u043e\u0439\u0442\u0438 \u043d\u0430 \u0441\u0430\u0439\u0442 \u0438 \u043f\u043e\u043b\u0443\u0447\u0438\u0442\u044c \u0443\u0434\u043e\u0431\u043d\u044b\u0439 \u043f\u0440\u043e\u0441\u043c\u043e\u0442\u0440 \u0432\u0435\u0431-\u0441\u0442\u0440\u0430\u043d\u0438\u0446 \u0438 \u043e\u043f\u044b\u0442 \u0440\u0430\u0431\u043e\u0442\u044b \u0432 \u0441\u0435\u0442\u0438.&nbsp;<\/li>\n<\/ol>\n\n\n\n<p><strong>\u0418\u0437\u043c\u0435\u043d\u0435\u043d\u0438\u044f \u0432 \u043f\u043e\u043b\u0438\u0442\u0438\u043a\u0435 VI<\/strong>&nbsp;<\/p>\n\n\n\n<ol start=\"8\" class=\"wp-block-list\">\n<li>\u0415\u0441\u043b\u0438 \u0443 \u0432\u0430\u0441 \u0432\u043e\u0437\u043d\u0438\u043a\u043b\u0438 \u0432\u043e\u043f\u0440\u043e\u0441\u044b \u043f\u043e \u043e\u0431\u0440\u0430\u0431\u043e\u0442\u043a\u0435 \u043f\u0435\u0440\u0441\u043e\u043d\u0430\u043b\u044c\u043d\u044b\u0445 \u0434\u0430\u043d\u043d\u044b\u0445, \u043f\u043e\u0436\u0430\u043b\u0443\u0439\u0441\u0442\u0430, \u043e\u0437\u043d\u0430\u043a\u043e\u043c\u044c\u0442\u0435\u0441\u044c \u0441 \u043f\u043e\u043b\u0438\u0442\u0438\u043a\u043e\u0439 \u043a\u043e\u043d\u0444\u0438\u0434\u0435\u043d\u0446\u0438\u0430\u043b\u044c\u043d\u043e\u0441\u0442\u0438 \u041a\u043e\u043c\u043f\u0430\u043d\u0438\u0438, \u043a\u043e\u0442\u043e\u0440\u0430\u044f \u0440\u0430\u0437\u043c\u0435\u0449\u0435\u043d\u0430 \u043d\u0430 \u0432\u0435\u0431-\u0441\u0430\u0439\u0442\u0435 \u041a\u043e\u043c\u043f\u0430\u043d\u0438\u0438 \u0432 \u0440\u0430\u0437\u0434\u0435\u043b\u0435 \u201c\u041f\u043e\u043b\u0438\u0442\u0438\u043a\u0430 \u043a\u043e\u043d\u0444\u0438\u0434\u0435\u043d\u0446\u0438\u0430\u043b\u044c\u043d\u043e\u0441\u0442\u0438\u201d.&nbsp;<\/li>\n\n\n\n<li>\u041a\u043e\u043c\u043f\u0430\u043d\u0438\u044f \u043e\u0441\u0442\u0430\u0432\u043b\u044f\u0435\u0442 \u0437\u0430 \u0441\u043e\u0431\u043e\u0439 \u043f\u0440\u0430\u0432\u043e \u0432\u043d\u043e\u0441\u0438\u0442\u044c \u0438\u0437\u043c\u0435\u043d\u0435\u043d\u0438\u044f \u0432 \u043d\u0430\u0441\u0442\u043e\u044f\u0449\u0443\u044e \u041f\u043e\u043b\u0438\u0442\u0438\u043a\u0443 \u0438\u0441\u043f\u043e\u043b\u044c\u0437\u043e\u0432\u0430\u043d\u0438\u044f \u0444\u0430\u0439\u043b\u043e\u0432 cookie \u0432 \u043b\u044e\u0431\u043e\u0435 \u0432\u0440\u0435\u043c\u044f. \u041b\u044e\u0431\u044b\u0435 \u0438\u0437\u043c\u0435\u043d\u0435\u043d\u0438\u044f \u0432 \u041f\u043e\u043b\u0438\u0442\u0438\u043a\u0435 \u0438\u0441\u043f\u043e\u043b\u044c\u0437\u043e\u0432\u0430\u043d\u0438\u044f \u0444\u0430\u0439\u043b\u043e\u0432 cookie \u0431\u0443\u0434\u0443\u0442 \u043e\u043f\u0443\u0431\u043b\u0438\u043a\u043e\u0432\u0430\u043d\u044b.<a href=\"https:\/\/winehouse.lv\/ru\/\">www.winehouse.lv<\/a>\u00a0<\/li>\n<\/ol>","protected":false},"excerpt":{"rendered":"<p>I. \u202fVisp\u0101r\u012bgie noteikumi&nbsp; II. \u202fInform\u0101cija par s\u012bkdatn\u0113m&nbsp; III. \u202fS\u012bkdat\u0146u veido\u0161anas nol\u016bks un tiesiskais pamats&nbsp; IV. \u202fS\u012bkdat\u0146u veidi un to pielietojums&nbsp; VI. \u202fInform\u0101cija par personas doto piekri\u0161anu s\u012bkdat\u0146u izveidei&nbsp; VI\u202fPolitikas izmai\u0146as&nbsp;<\/p>","protected":false},"author":1,"featured_media":0,"parent":0,"menu_order":0,"comment_status":"closed","ping_status":"closed","template":"","meta":{"footnotes":""},"class_list":["post-1418","page","type-page","status-publish","hentry"],"blocksy_meta":[],"_hostinger_reach_plugin_has_subscription_block":false,"_hostinger_reach_plugin_is_elementor":false,"_links":{"self":[{"href":"https:\/\/winehouse.lv\/ru\/wp-json\/wp\/v2\/pages\/1418","targetHints":{"allow":["GET"]}}],"collection":[{"href":"https:\/\/winehouse.lv\/ru\/wp-json\/wp\/v2\/pages"}],"about":[{"href":"https:\/\/winehouse.lv\/ru\/wp-json\/wp\/v2\/types\/page"}],"author":[{"embeddable":true,"href":"https:\/\/winehouse.lv\/ru\/wp-json\/wp\/v2\/users\/1"}],"replies":[{"embeddable":true,"href":"https:\/\/winehouse.lv\/ru\/wp-json\/wp\/v2\/comments?post=1418"}],"version-history":[{"count":4,"href":"https:\/\/winehouse.lv\/ru\/wp-json\/wp\/v2\/pages\/1418\/revisions"}],"predecessor-version":[{"id":1424,"href":"https:\/\/winehouse.lv\/ru\/wp-json\/wp\/v2\/pages\/1418\/revisions\/1424"}],"wp:attachment":[{"href":"https:\/\/winehouse.lv\/ru\/wp-json\/wp\/v2\/media?parent=1418"}],"curies":[{"name":"wp","href":"https:\/\/api.w.org\/{rel}","templated":true}]}}