{"id":1209,"date":"2026-03-16T11:49:08","date_gmt":"2026-03-16T11:49:08","guid":{"rendered":"https:\/\/winehouse.lv\/?page_id=1209"},"modified":"2026-03-25T16:15:52","modified_gmt":"2026-03-25T16:15:52","slug":"blog","status":"publish","type":"page","link":"https:\/\/winehouse.lv\/ru\/blog\/","title":{"rendered":"\u0411\u043b\u043e\u0433"},"content":{"rendered":"<div class=\"wp-block-group alignfull is-layout-constrained wp-block-group-is-layout-constrained\">\n<div class=\"wp-block-stackable-columns alignfull stk-block-columns stk-block stk-d022e68\" data-block-id=\"d022e68\"><style>.stk-d022e68 {margin-bottom:0px !important;}<\/style><div class=\"stk-row stk-inner-blocks stk-block-content stk-content-align stk-d022e68-column alignfull\">\n<div class=\"wp-block-stackable-column stk-block-column stk-column stk--hide-tablet stk--hide-mobile stk-block stk-c9c73a1 stk-block-background stk--has-background-overlay\" data-v=\"4\" data-block-id=\"c9c73a1\"><style>.stk-c9c73a1-container{margin-top:0px !important;margin-right:0px !important;margin-bottom:0px !important;margin-left:0px !important;}.stk-c9c73a1 {background-color:#000000 !important;background-image:url(https:\/\/winehouse.lv\/wp-content\/uploads\/2026\/03\/e2368da3-2d9f-44e3-a70a-2d0c1035948f.png) !important;}.stk-c9c73a1:before{background-color:#000000 !important;opacity:0.4 !important;}@media screen and (min-width:690px){.stk-c9c73a1 {flex:var(--stk-flex-grow, 1) 1 calc(33.33% - var(--stk-column-gap, 0px) * 2 \/ 3 ) !important;}}@media screen and (min-width:690px) and (max-width:999px){.stk-c9c73a1 {flex:var(--stk-flex-grow, 1) 1 calc(25% - var(--stk-column-gap, 0px) * 2 \/ 3 ) !important;}}<\/style><div class=\"stk-column-wrapper stk-block-column__content stk-container stk-c9c73a1-container stk--no-background stk--no-padding\"><div class=\"stk-block-content stk-inner-blocks stk-c9c73a1-inner-blocks\">\n<div class=\"wp-block-stackable-spacer stk-block-spacer stk--no-padding stk-block stk-b41b9d8\" data-block-id=\"b41b9d8\"><style>.stk-b41b9d8 {height:100px !important;}@media screen and (max-width:689px){.stk-b41b9d8 {height:250px !important;}}<\/style><\/div>\n<\/div><\/div><\/div>\n\n\n\n<div class=\"wp-block-stackable-column stk-block-column stk-column stk-block stk-0f04e0a stk-block-background stk--has-background-overlay\" data-v=\"4\" data-block-id=\"0f04e0a\"><style>.stk-0f04e0a-container{margin-top:0px !important;margin-right:0px !important;margin-bottom:0px !important;margin-left:0px !important;}.stk-0f04e0a {background-image:url(https:\/\/winehouse.lv\/wp-content\/uploads\/2026\/03\/86d77564-a419-4b87-b8d3-9bad7913a3e8.png) !important;padding-top:100px !important;padding-right:60px !important;padding-bottom:100px !important;padding-left:60px !important;}.stk-0f04e0a:before{opacity:0 !important;}@media screen and (min-width:690px){.stk-0f04e0a {flex:var(--stk-flex-grow, 1) 1 calc(33.33% - var(--stk-column-gap, 0px) * 2 \/ 3 ) !important;}}@media screen and (min-width:690px) and (max-width:999px){.stk-0f04e0a {flex:var(--stk-flex-grow, 1) 1 calc(50% - var(--stk-column-gap, 0px) * 2 \/ 3 ) !important;}}@media screen and (max-width:999px){.stk-0f04e0a {padding-top:80px !important;padding-right:40px !important;padding-bottom:80px !important;padding-left:40px !important;}}<\/style><div class=\"stk-column-wrapper stk-block-column__content stk-container stk-0f04e0a-container stk--no-background stk--no-padding\"><div class=\"stk-block-content stk-inner-blocks stk-0f04e0a-inner-blocks\">\n<div class=\"wp-block-stackable-heading stk-block-heading stk-block-heading--v2 stk-block stk-a8aacbc\" id=\"blogs\" data-block-id=\"a8aacbc\"><style>.stk-a8aacbc .stk-block-heading__text{font-size:36px !important;color:#ffffff !important;}@media screen and (max-width:999px){.stk-a8aacbc .stk-block-heading__text{font-size:25px !important;}}<\/style><h1 class=\"stk-block-heading__text has-text-color has-text-align-center stk-block-heading--use-theme-margins\">\u0411\u041b\u041e\u0413<\/h1><\/div>\n<\/div><\/div><\/div>\n\n\n\n<div class=\"wp-block-stackable-column stk-block-column stk-column stk--hide-tablet stk--hide-mobile stk-block stk-3f798d2 stk-block-background stk--has-background-overlay\" data-v=\"4\" data-block-id=\"3f798d2\"><style>.stk-3f798d2-container{margin-top:0px !important;margin-right:0px !important;margin-bottom:0px !important;margin-left:0px !important;}.stk-3f798d2 {background-color:#000000 !important;background-image:url(https:\/\/winehouse.lv\/wp-content\/uploads\/2026\/03\/aeba7ef2-8fa5-4bae-9cfe-70ff7212fd46.png) !important;}.stk-3f798d2:before{background-color:#000000 !important;opacity:0.4 !important;}@media screen and (min-width:690px){.stk-3f798d2 {flex:var(--stk-flex-grow, 1) 1 calc(33.33% - var(--stk-column-gap, 0px) * 2 \/ 3 ) !important;}}@media screen and (min-width:690px) and (max-width:999px){.stk-3f798d2 {flex:var(--stk-flex-grow, 1) 1 calc(25% - var(--stk-column-gap, 0px) * 2 \/ 3 ) !important;}}<\/style><div class=\"stk-column-wrapper stk-block-column__content stk-container stk-3f798d2-container stk--no-background stk--no-padding\"><div class=\"stk-block-content stk-inner-blocks stk-3f798d2-inner-blocks\">\n<div class=\"wp-block-stackable-spacer stk-block-spacer stk--no-padding stk-block stk-d0bd3ff\" data-block-id=\"d0bd3ff\"><style>.stk-d0bd3ff {height:100px !important;}@media screen and (max-width:689px){.stk-d0bd3ff {height:250px !important;}}<\/style><\/div>\n<\/div><\/div><\/div>\n<\/div><\/div>\n<\/div>\n\n\n\n<div class=\"wp-block-stackable-posts stk-block-posts stk-block stk-78671e8 is-style-default\" data-v=\"2\" data-block-id=\"78671e8\"><style>.stk-78671e8 .stk-img-wrapper{width:100% !important;}.stk-78671e8 .stk-img-wrapper img{border-radius:var(--stk--preset--border-radius--large, 16px) !important;}.stk-78671e8 .stk-block-posts__readmore{font-weight:700 !important;}<\/style><div class=\"stk-inner-blocks stk-content-align stk-78671e8-column\"><div class=\"stk-block-posts__items\"><div class=\"stk-block-posts__item\"><div class=\"stk-container stk-78671e8-container stk--no-background stk--no-padding\"><article><h4 class=\"stk-block-posts__title has-text-align-center\"><a href='https:\/\/winehouse.lv\/ru\/%d1%83%d0%b7%d0%bd%d0%b0%d0%b9%d1%82%d0%b5-%d0%b1%d0%be%d0%bb%d1%8c%d1%88%d0%b5-%d0%be-%d0%bf%d1%80%d0%be%d1%84%d0%b5%d1%81%d1%81%d0%b8%d0%b8-%d1%81%d0%be%d0%bc%d0%b5%d0%bb%d1%8c%d0%b5-%d0%b8-%d0%bc\/'>\u041a\u0442\u043e \u0442\u0430\u043a\u043e\u0439 \u0441\u043e\u043c\u0435\u043b\u044c\u0435 \u0438 \u043a\u0430\u043a\u043e\u0432\u0430 \u0435\u0433\u043e \u0438\u0441\u0442\u0438\u043d\u043d\u0430\u044f \u043c\u0438\u0441\u0441\u0438\u044f?<\/a><\/h4><a href=\"https:\/\/winehouse.lv\/ru\/%d1%83%d0%b7%d0%bd%d0%b0%d0%b9%d1%82%d0%b5-%d0%b1%d0%be%d0%bb%d1%8c%d1%88%d0%b5-%d0%be-%d0%bf%d1%80%d0%be%d1%84%d0%b5%d1%81%d1%81%d0%b8%d0%b8-%d1%81%d0%be%d0%bc%d0%b5%d0%bb%d1%8c%d0%b5-%d0%b8-%d0%bc\/\" class=\"stk-block-posts__image-link\"><figure class=\"stk-img-wrapper stk-image--shape-stretch\"><img loading=\"lazy\" decoding=\"async\" width=\"1456\" height=\"735\" src=\"https:\/\/winehouse.lv\/wp-content\/uploads\/2026\/03\/Gemini_Generated_Image_difqhfdifqhfdifq.png\" class=\"attachment-full size-full wp-post-image\" alt=\"\" srcset=\"https:\/\/winehouse.lv\/wp-content\/uploads\/2026\/03\/Gemini_Generated_Image_difqhfdifqhfdifq.png 1456w, https:\/\/winehouse.lv\/wp-content\/uploads\/2026\/03\/Gemini_Generated_Image_difqhfdifqhfdifq-300x151.png 300w, https:\/\/winehouse.lv\/wp-content\/uploads\/2026\/03\/Gemini_Generated_Image_difqhfdifqhfdifq-1024x517.png 1024w, https:\/\/winehouse.lv\/wp-content\/uploads\/2026\/03\/Gemini_Generated_Image_difqhfdifqhfdifq-768x388.png 768w, https:\/\/winehouse.lv\/wp-content\/uploads\/2026\/03\/Gemini_Generated_Image_difqhfdifqhfdifq-18x9.png 18w\" sizes=\"auto, (max-width: 1456px) 100vw, 1456px\" \/><\/figure><\/a><div class=\"stk-block-posts__excerpt has-text-align-left\"><p>Uzziniet vair\u0101k par somelj\u0113 profesiju un v\u012bna pasauli. Vair\u0101k nek\u0101 tikai v\u012bna pazin\u0113js Daudzi no mums, ieraugot cilv\u0113ku ar v\u012bna gl\u0101zi un sniegbaltu dvieli p\u0101r roku, dom\u0101, ka somelj\u0113 ir vienk\u0101r\u0161i elegants viesm\u012blis, kura vien\u012bgais uzdevums ir prasm\u012bgi atkor\u0137\u0113t pudeli. Tom\u0113r \u0161is priek\u0161stats ir t\u0101lu no realit\u0101tes. Somelj\u0113 profesija ir smalks l\u012bdzsvars starp enciklop\u0113disk\u0101m zin\u0101\u0161an\u0101m,&hellip;<\/p>\n<\/div><a class=\"stk-block-posts__readmore has-text-align-right\" href=\"https:\/\/winehouse.lv\/ru\/%d1%83%d0%b7%d0%bd%d0%b0%d0%b9%d1%82%d0%b5-%d0%b1%d0%be%d0%bb%d1%8c%d1%88%d0%b5-%d0%be-%d0%bf%d1%80%d0%be%d1%84%d0%b5%d1%81%d1%81%d0%b8%d0%b8-%d1%81%d0%be%d0%bc%d0%b5%d0%bb%d1%8c%d0%b5-%d0%b8-%d0%bc\/\">\u0427\u0438\u0442\u0430\u0442\u044c \u0434\u0430\u043b\u0435\u0435<\/a><\/article><\/div><\/div><\/div><div class=\"stk-inner-blocks\"><\/div><\/div><\/div>","protected":false},"excerpt":{"rendered":"<p>\u0411\u041b\u041e\u0413<\/p>","protected":false},"author":1,"featured_media":0,"parent":0,"menu_order":0,"comment_status":"closed","ping_status":"closed","template":"","meta":{"footnotes":""},"class_list":["post-1209","page","type-page","status-publish","hentry"],"blocksy_meta":{"styles_descriptor":{"styles":{"desktop":"","tablet":"","mobile":""},"google_fonts":[],"version":6},"page_title_panel":"","has_hero_section":"disabled","bb6008520b8b1d0a8f378205f93aee62":"","hero_section":"type-1","hero_elements":[{"id":"custom_title","enabled":true,"heading_tag":"h1","title":"Home"},{"id":"custom_description","enabled":true,"description_visibility":{"desktop":true,"tablet":true,"mobile":false}},{"id":"custom_meta","enabled":false,"meta_elements":[{"id":"author","enabled":true,"label":"By","has_author_avatar":"yes","avatar_size":25},{"id":"post_date","enabled":true,"label":"On","date_format_source":"default","date_format":"M j, Y"},{"id":"updated_date","enabled":false,"label":"On","date_format_source":"default","date_format":"M j, Y"},{"id":"categories","enabled":false,"label":"In","style":"simple"},{"id":"comments","enabled":true}],"page_meta_elements":{"joined":true,"articles_count":true,"comments":true}},{"id":"breadcrumbs","enabled":false}],"8c183de6511ed73514ff8f959cd96e05":"","hero_alignment1":"CT_CSS_SKIP_RULE","hero_margin":40,"hero_alignment2":"center","hero_vertical_alignment":"center","976b650bfa498fbea9f8553d36e226de":"","hero_structure":"narrow","bde1944b1b166e5b93db2d23eb2f77b2":"","page_title_bg_type":"featured_image","custom_hero_background":{"attachment_id":null},"page_title_image_size":"full","parallax":{"desktop":false,"tablet":false,"mobile":false},"4f4ceebe8276e53aaef69d7361d40624":"","hero_height":"250px","pageTitleFont":{"family":"Default","variation":"Default","size":"30px","line-height":"CT_CSS_SKIP_RULE","letter-spacing":"CT_CSS_SKIP_RULE","text-transform":"CT_CSS_SKIP_RULE","text-decoration":"CT_CSS_SKIP_RULE"},"pageTitleFontColor":{"default":{"color":"CT_CSS_SKIP_RULEDEFAULT"}},"pageMetaFont":{"family":"Default","variation":"n6","size":"12px","line-height":"1.3","letter-spacing":"CT_CSS_SKIP_RULE","text-transform":"uppercase","text-decoration":"CT_CSS_SKIP_RULE"},"pageMetaFontColor":{"default":{"color":"CT_CSS_SKIP_RULEDEFAULT"},"hover":{"color":"CT_CSS_SKIP_RULEDEFAULT"}},"page_meta_button_type_font_colors":{"default":{"color":"CT_CSS_SKIP_RULEDEFAULT"},"hover":{"color":"CT_CSS_SKIP_RULEDEFAULT"}},"page_meta_button_type_background_colors":{"default":{"color":"CT_CSS_SKIP_RULEDEFAULT"},"hover":{"color":"CT_CSS_SKIP_RULEDEFAULT"}},"pageExcerptFont":{"family":"Default","variation":"Default","size":"CT_CSS_SKIP_RULE","line-height":"CT_CSS_SKIP_RULE","letter-spacing":"CT_CSS_SKIP_RULE","text-transform":"CT_CSS_SKIP_RULE","text-decoration":"CT_CSS_SKIP_RULE"},"pageExcerptColor":{"default":{"color":"CT_CSS_SKIP_RULEDEFAULT"}},"breadcrumbsFont":{"family":"Default","variation":"Default","size":"CT_CSS_SKIP_RULE","line-height":"CT_CSS_SKIP_RULE","letter-spacing":"CT_CSS_SKIP_RULE","text-transform":"CT_CSS_SKIP_RULE","text-decoration":"CT_CSS_SKIP_RULE"},"breadcrumbsFontColor":{"default":{"color":"CT_CSS_SKIP_RULEDEFAULT"},"initial":{"color":"CT_CSS_SKIP_RULEDEFAULT"},"hover":{"color":"CT_CSS_SKIP_RULEDEFAULT"}},"pageTitleOverlay":{"background_type":"color","background_pattern":"type-1","background_image":{"attachment_id":null,"x":0,"y":0},"gradient":"linear-gradient(135deg,rgba(6,147,227,1) 0%,rgb(155,81,224) 100%)","background_repeat":"repeat","background_size":"auto","background_attachment":"scroll","patternColor":{"default":{"color":"#e5e7ea"}},"overlayColor":{"default":{"color":"CT_CSS_SKIP_RULE"}},"backgroundColor":{"default":{"color":"CT_CSS_SKIP_RULE"}}},"pageTitleBackground":{"background_type":"color","background_pattern":"type-1","background_image":{"attachment_id":null,"x":0,"y":0},"gradient":"linear-gradient(135deg,rgba(6,147,227,1) 0%,rgb(155,81,224) 100%)","background_repeat":"repeat","background_size":"auto","background_attachment":"scroll","patternColor":{"default":{"color":"#e5e7ea"}},"overlayColor":{"default":{"color":"CT_CSS_SKIP_RULE"}},"backgroundColor":{"default":{"color":"var(--theme-palette-color-6)"}}},"pageTitlePadding":{"top":"50px","bottom":"50px","left":"auto","right":"auto","linked":true},"ff87dc90a0613fbdc6607635e8dd778a":"","page_structure_type":"default","f40d3f58652fadc3d92d32facf756d03":"","content_style_source":"inherit","content_style":"wide","vertical_spacing_source":"custom","content_area_spacing":"none","background":{"background_type":"color","background_pattern":"type-1","background_image":{"attachment_id":null,"x":0,"y":0},"gradient":"linear-gradient(135deg,rgba(6,147,227,1) 0%,rgb(155,81,224) 100%)","background_repeat":"repeat","background_size":"auto","background_attachment":"scroll","patternColor":{"default":{"color":"#e5e7ea"}},"overlayColor":{"default":{"color":"CT_CSS_SKIP_RULE"}},"backgroundColor":{"default":{"color":"CT_CSS_SKIP_RULE"}}},"content_background":{"background_type":"color","background_pattern":"type-1","background_image":{"attachment_id":null,"x":0,"y":0},"gradient":"linear-gradient(135deg,rgba(6,147,227,1) 0%,rgb(155,81,224) 100%)","background_repeat":"repeat","background_size":"auto","background_attachment":"scroll","patternColor":{"default":{"color":"#e5e7ea"}},"overlayColor":{"default":{"color":"CT_CSS_SKIP_RULE"}},"backgroundColor":{"default":{"color":"var(--theme-palette-color-8)"}}},"content_boxed_shadow":{"inherit":false,"blur":18,"spread":-6,"v_offset":12,"h_offset":0,"inset":false,"enable":true,"color":{"color":"rgba(34, 56, 101, 0.04)"}},"content_boxed_border":{"width":1,"style":"none","color":{"color":"rgba(44,62,80,0.2)"}},"content_boxed_radius":{"top":"3px","bottom":"3px","left":"3px","right":"3px","linked":true},"boxed_content_spacing":{"desktop":{"top":"40px","bottom":"40px","left":"40px","right":"40px","linked":true},"tablet":{"top":"35px","bottom":"35px","left":"35px","right":"35px","linked":true},"mobile":{"top":"20px","bottom":"20px","left":"20px","right":"20px","linked":true}},"da0bf0fbabc673da3b33001ccc9778a1":"","disable_featured_image":"no","disable_share_box":"no","disable_header":"no","disable_footer":"no"},"_hostinger_reach_plugin_has_subscription_block":false,"_hostinger_reach_plugin_is_elementor":false,"_links":{"self":[{"href":"https:\/\/winehouse.lv\/ru\/wp-json\/wp\/v2\/pages\/1209","targetHints":{"allow":["GET"]}}],"collection":[{"href":"https:\/\/winehouse.lv\/ru\/wp-json\/wp\/v2\/pages"}],"about":[{"href":"https:\/\/winehouse.lv\/ru\/wp-json\/wp\/v2\/types\/page"}],"author":[{"embeddable":true,"href":"https:\/\/winehouse.lv\/ru\/wp-json\/wp\/v2\/users\/1"}],"replies":[{"embeddable":true,"href":"https:\/\/winehouse.lv\/ru\/wp-json\/wp\/v2\/comments?post=1209"}],"version-history":[{"count":4,"href":"https:\/\/winehouse.lv\/ru\/wp-json\/wp\/v2\/pages\/1209\/revisions"}],"predecessor-version":[{"id":1354,"href":"https:\/\/winehouse.lv\/ru\/wp-json\/wp\/v2\/pages\/1209\/revisions\/1354"}],"wp:attachment":[{"href":"https:\/\/winehouse.lv\/ru\/wp-json\/wp\/v2\/media?parent=1209"}],"curies":[{"name":"wp","href":"https:\/\/api.w.org\/{rel}","templated":true}]}}